{"id":21841,"date":"2025-04-18T09:02:23","date_gmt":"2025-04-18T07:02:23","guid":{"rendered":"https:\/\/mareton-power.com\/?page_id=21841"},"modified":"2025-05-05T15:10:17","modified_gmt":"2025-05-05T13:10:17","slug":"gleichrichter-systeme","status":"publish","type":"page","link":"https:\/\/mareton-power.com\/de\/gleichrichter-systeme\/","title":{"rendered":"GLEICHRICHTER-SYSTEME"},"content":{"rendered":"\t\t<div data-elementor-type=\"wp-page\" data-elementor-id=\"21841\" class=\"elementor elementor-21841 elementor-18876\" data-elementor-post-type=\"page\">\n\t\t\t\t<div class=\"elementor-element elementor-element-843b14c e-con-full e-flex e-con e-parent\" data-id=\"843b14c\" data-element_type=\"container\">\n\t\t\t\t<div class=\"elementor-element elementor-element-2566ce8 elementor-widget elementor-widget-spacer\" data-id=\"2566ce8\" data-element_type=\"widget\" data-widget_type=\"spacer.default\">\n\t\t\t\t<div class=\"elementor-widget-container\">\n\t\t\t\t\t<div class=\"elementor-spacer\">\n\t\t\t<div class=\"elementor-spacer-inner\"><\/div>\n\t\t<\/div>\n\t\t\t\t<\/div>\n\t\t\t\t<\/div>\n\t\t\t\t<div class=\"elementor-element elementor-element-91e5a00 elementor-widget elementor-widget-heading\" data-id=\"91e5a00\" data-element_type=\"widget\" data-widget_type=\"heading.default\">\n\t\t\t\t<div class=\"elementor-widget-container\">\n\t\t\t<h2 class=\"elementor-heading-title elementor-size-default\">GLEICHRICHTER-SYSTEME<\/h2>\t\t<\/div>\n\t\t\t\t<\/div>\n\t\t\t\t<div class=\"elementor-element elementor-element-2bf13f3 elementor-widget elementor-widget-spacer\" data-id=\"2bf13f3\" data-element_type=\"widget\" data-widget_type=\"spacer.default\">\n\t\t\t\t<div class=\"elementor-widget-container\">\n\t\t\t\t\t<div class=\"elementor-spacer\">\n\t\t\t<div class=\"elementor-spacer-inner\"><\/div>\n\t\t<\/div>\n\t\t\t\t<\/div>\n\t\t\t\t<\/div>\n\t\t\t\t<\/div>\n\t\t<div class=\"elementor-element elementor-element-f72b219 e-flex e-con-boxed e-con e-parent\" data-id=\"f72b219\" data-element_type=\"container\">\n\t\t\t\t\t<div class=\"e-con-inner\">\n\t\t\t\t<div class=\"elementor-element elementor-element-ab0642d elementor-widget elementor-widget-spacer\" data-id=\"ab0642d\" data-element_type=\"widget\" data-widget_type=\"spacer.default\">\n\t\t\t\t<div class=\"elementor-widget-container\">\n\t\t\t\t\t<div class=\"elementor-spacer\">\n\t\t\t<div class=\"elementor-spacer-inner\"><\/div>\n\t\t<\/div>\n\t\t\t\t<\/div>\n\t\t\t\t<\/div>\n\t\t\t\t<div class=\"elementor-element elementor-element-ab542e1 elementor-widget elementor-widget-text-editor\" data-id=\"ab542e1\" data-element_type=\"widget\" data-widget_type=\"text-editor.default\">\n\t\t\t\t<div class=\"elementor-widget-container\">\n\t\t\t\t\t\t\t<p>Unser Kunde kann kleine industrielle modulare DC-USV selbst herstellen, indem er unsere Gleichrichtersysteme und seine eigene DC-Verteilung, Batterien, Schr\u00e4nke und anderes Zubeh\u00f6r verwendet. Aus diesem Grund haben wir modulare Gleichrichtersysteme entwickelt, die in einem einzigen 19&#8243; Rack untergebracht sind. Das System besteht aus AC-Verteilung, ein bis vier Spannungsgleichrichtern, Mikroprozessor-Steuerger\u00e4t und Batterieschutz gegen \u00dcberlastung, Kurzschluss und Tiefentladung. Die maximale Leistung des Gleichrichtersystems betr\u00e4gt 12 kW f\u00fcr Zwangsk\u00fchlung und 10 kW f\u00fcr nat\u00fcrliche K\u00fchlung. Das System ist statisch als 19&#8243;-Rack realisiert, das in einen 19&#8243;-Schrank eingebaut werden kann. Der Kunde kann selbst die Ausgangs DC Verteilung, Batterien und andere Ger\u00e4te in diesem einen oder mehreren Schr\u00e4nken installieren. Das Gleichrichtersystem kann Zwangsk\u00fchlgleichrichter oder nat\u00fcrlich gek\u00fchlte Gleichrichter umfassen. Das Gleichrichtersystem kann \u00fcber einen Batterieschutz verf\u00fcgen oder nicht.<\/p>\t\t\t\t\t\t<\/div>\n\t\t\t\t<\/div>\n\t\t\t\t<div class=\"elementor-element elementor-element-6f805e5 elementor-widget elementor-widget-spacer\" data-id=\"6f805e5\" data-element_type=\"widget\" data-widget_type=\"spacer.default\">\n\t\t\t\t<div class=\"elementor-widget-container\">\n\t\t\t\t\t<div class=\"elementor-spacer\">\n\t\t\t<div class=\"elementor-spacer-inner\"><\/div>\n\t\t<\/div>\n\t\t\t\t<\/div>\n\t\t\t\t<\/div>\n\t\t\t\t\t<\/div>\n\t\t\t\t<\/div>\n\t\t<div class=\"elementor-element elementor-element-11a9e74 e-con-full e-flex e-con e-parent\" data-id=\"11a9e74\" data-element_type=\"container\">\n\t\t<div class=\"elementor-element elementor-element-6f3c061 e-con-full e-flex e-con e-child\" data-id=\"6f3c061\" data-element_type=\"container\">\n\t\t\t\t<div class=\"elementor-element elementor-element-11fb2c9 elementor-widget elementor-widget-image\" data-id=\"11fb2c9\" data-element_type=\"widget\" data-widget_type=\"image.default\">\n\t\t\t\t<div class=\"elementor-widget-container\">\n\t\t\t\t\t\t\t\t\t\t\t\t\t<img fetchpriority=\"high\" decoding=\"async\" width=\"2560\" height=\"1920\" src=\"https:\/\/mareton-power.com\/wp-content\/uploads\/2024\/11\/20240405_103940-scaled.jpg\" class=\"attachment-full size-full wp-image-19852\" alt=\"\" srcset=\"https:\/\/mareton-power.com\/wp-content\/uploads\/2024\/11\/20240405_103940-scaled.jpg 2560w, https:\/\/mareton-power.com\/wp-content\/uploads\/2024\/11\/20240405_103940-300x225.jpg 300w, https:\/\/mareton-power.com\/wp-content\/uploads\/2024\/11\/20240405_103940-1024x768.jpg 1024w, https:\/\/mareton-power.com\/wp-content\/uploads\/2024\/11\/20240405_103940-150x113.jpg 150w, https:\/\/mareton-power.com\/wp-content\/uploads\/2024\/11\/20240405_103940-768x576.jpg 768w, https:\/\/mareton-power.com\/wp-content\/uploads\/2024\/11\/20240405_103940-1536x1152.jpg 1536w, https:\/\/mareton-power.com\/wp-content\/uploads\/2024\/11\/20240405_103940-2048x1536.jpg 2048w\" sizes=\"(max-width: 2560px) 100vw, 2560px\" \/>\t\t\t\t\t\t\t\t\t\t\t\t\t<\/div>\n\t\t\t\t<\/div>\n\t\t\t\t<\/div>\n\t\t<div class=\"elementor-element elementor-element-f21e1d1 e-con-full e-flex e-con e-child\" data-id=\"f21e1d1\" data-element_type=\"container\">\n\t\t\t\t<div class=\"elementor-element elementor-element-827e380 elementor-widget elementor-widget-text-editor\" data-id=\"827e380\" data-element_type=\"widget\" data-widget_type=\"text-editor.default\">\n\t\t\t\t<div class=\"elementor-widget-container\">\n\t\t\t\t\t\t\t<div class=\"elementor-element elementor-element-a152e8a elementor-widget elementor-widget-text-editor\" data-id=\"a152e8a\" data-element_type=\"widget\" data-widget_type=\"text-editor.default\"><div class=\"elementor-widget-container\"><div class=\"elementor-element elementor-element-a152e8a elementor-widget elementor-widget-text-editor\" data-id=\"a152e8a\" data-element_type=\"widget\" data-widget_type=\"text-editor.default\"><div class=\"elementor-widget-container\"><div class=\"elementor-element elementor-element-a152e8a elementor-widget elementor-widget-text-editor\" data-id=\"a152e8a\" data-element_type=\"widget\" data-widget_type=\"text-editor.default\"><div class=\"elementor-widget-container\"><div class=\"elementor-element elementor-element-a152e8a elementor-widget elementor-widget-text-editor\" data-id=\"a152e8a\" data-element_type=\"widget\" data-widget_type=\"text-editor.default\"><div class=\"elementor-widget-container\"><p>Zwangsgek\u00fchlt, Leistung bis 12.000 W\u00a0\u00a0\u00a0\u00a0<br \/><a href=\"https:\/\/mareton-power.com\/wp-content\/uploads\/2024\/09\/Rectifiers-systems-MRSF-12-kW.pdf\">Reihe: MRSF pdf<\/a><\/p><p>Struktur: Eingang-AC-Verteilung mit Ma\u00df und Schutz, ein bis vier Gleichrichter \u2013 je 3 kW, Steuerger\u00e4t mit Touchscreen-Display 4,5&#8243;, Batterieschutz. \u00a0 \u00a0 \u00a0 \u00a0 \u00a0 \u00a0 \u00a0\u00a0<br \/>Eingang: 230 V, 50\/60 Hz oder 3&#215;400\/230 V, 50 (60) Hz <br \/>Ausgang: 24 VDC, 48 VDC, 60 VDC, 110 VDC, 220 VDC <br \/>Macht: 3 kW, 6 kW, 9 kW oder 12 kW <br \/>Konstruktion: 19\u201c rack, 7U<\/p><\/div><\/div><\/div><\/div><\/div><\/div><\/div><\/div>\t\t\t\t\t\t<\/div>\n\t\t\t\t<\/div>\n\t\t\t\t<\/div>\n\t\t\t\t<\/div>\n\t\t<div class=\"elementor-element elementor-element-5a2c0ee e-con-full e-flex e-con e-parent\" data-id=\"5a2c0ee\" data-element_type=\"container\">\n\t\t<div class=\"elementor-element elementor-element-1ea103c e-con-full e-flex e-con e-child\" data-id=\"1ea103c\" data-element_type=\"container\">\n\t\t\t\t<div class=\"elementor-element elementor-element-3de63ef elementor-widget elementor-widget-image\" data-id=\"3de63ef\" data-element_type=\"widget\" data-widget_type=\"image.default\">\n\t\t\t\t<div class=\"elementor-widget-container\">\n\t\t\t\t\t\t\t\t\t\t\t\t\t<img decoding=\"async\" src=\"https:\/\/mareton-power.com\/wp-content\/uploads\/2024\/09\/F130.jpg\" class=\"attachment-full size-full wp-image-15950\" alt=\"\" \/>\t\t\t\t\t\t\t\t\t\t\t\t\t<\/div>\n\t\t\t\t<\/div>\n\t\t\t\t<\/div>\n\t\t<div class=\"elementor-element elementor-element-9783e16 e-con-full e-flex e-con e-child\" data-id=\"9783e16\" data-element_type=\"container\">\n\t\t\t\t<div class=\"elementor-element elementor-element-41aec9d elementor-widget elementor-widget-text-editor\" data-id=\"41aec9d\" data-element_type=\"widget\" data-widget_type=\"text-editor.default\">\n\t\t\t\t<div class=\"elementor-widget-container\">\n\t\t\t\t\t\t\t<div class=\"elementor-element elementor-element-46ce38b elementor-widget elementor-widget-text-editor\" data-id=\"46ce38b\" data-element_type=\"widget\" data-widget_type=\"text-editor.default\"><div class=\"elementor-widget-container\"><div class=\"elementor-element elementor-element-46ce38b elementor-widget elementor-widget-text-editor\" data-id=\"46ce38b\" data-element_type=\"widget\" data-widget_type=\"text-editor.default\"><div class=\"elementor-widget-container\"><p>Natur gek\u00fchlt, Leistung bis 10.000 W\u00a0\u00a0\u00a0\u00a0<br \/><a href=\"https:\/\/mareton-power.com\/wp-content\/uploads\/2024\/09\/Rectifiers-systems-MRSN.pdf\">Reihe: MRSN pdf<\/a><\/p><p>Struktur: Eingangs-AC-Verteilung mit Ma\u00df und Schutz, ein bis vier Gleichrichter \u2013 je 2,5 kW, Steuerger\u00e4t mit Touchscreen -Display 4,5&#8243;, Batterieschutz. <br \/>Eingang: 230 V, 50\/60 Hz oder 3&#215;400\/230 V, 50 (60) Hz <br \/>Ausgang: 24 VDC, 48 VDC, 60 VDC, 110 VDC, 220 VDC <br \/>Macht: 2,5 kW, 5 kW, 7,5 kW oder 10 kW <br \/>Konstruktion: 19\u201c rack, 10U<\/p><\/div><\/div><\/div><\/div>\t\t\t\t\t\t<\/div>\n\t\t\t\t<\/div>\n\t\t\t\t<\/div>\n\t\t\t\t<\/div>\n\t\t<div class=\"elementor-element elementor-element-2886299 e-con-full e-flex e-con e-parent\" data-id=\"2886299\" data-element_type=\"container\">\n\t\t<div class=\"elementor-element elementor-element-ee0d5f0 e-con-full e-flex e-con e-child\" data-id=\"ee0d5f0\" data-element_type=\"container\">\n\t\t\t\t<div class=\"elementor-element elementor-element-fc75e66 elementor-widget elementor-widget-image\" data-id=\"fc75e66\" data-element_type=\"widget\" data-widget_type=\"image.default\">\n\t\t\t\t<div class=\"elementor-widget-container\">\n\t\t\t\t\t\t\t\t\t\t\t\t\t<img decoding=\"async\" src=\"https:\/\/mareton-power.com\/wp-content\/uploads\/2024\/09\/F105-scaled-1.jpg\" class=\"attachment-full size-full wp-image-15953\" alt=\"\" \/>\t\t\t\t\t\t\t\t\t\t\t\t\t<\/div>\n\t\t\t\t<\/div>\n\t\t\t\t<\/div>\n\t\t<div class=\"elementor-element elementor-element-c0d1a3c e-con-full e-flex e-con e-child\" data-id=\"c0d1a3c\" data-element_type=\"container\">\n\t\t\t\t<div class=\"elementor-element elementor-element-e66793d elementor-widget elementor-widget-image\" data-id=\"e66793d\" data-element_type=\"widget\" data-widget_type=\"image.default\">\n\t\t\t\t<div class=\"elementor-widget-container\">\n\t\t\t\t\t\t\t\t\t\t\t\t\t<img decoding=\"async\" src=\"https:\/\/mareton-power.com\/wp-content\/uploads\/2024\/09\/F207-scaled-e1727274176126.jpg\" class=\"attachment-full size-full wp-image-15956\" alt=\"\" \/>\t\t\t\t\t\t\t\t\t\t\t\t\t<\/div>\n\t\t\t\t<\/div>\n\t\t\t\t<\/div>\n\t\t\t\t<\/div>\n\t\t\t\t<\/div>\n\t\t","protected":false},"excerpt":{"rendered":"<p>GLEICHRICHTER-SYSTEME Unser Kunde kann kleine industrielle modulare DC-USV selbst herstellen, indem er unsere Gleichrichtersysteme und seine eigene DC-Verteilung, Batterien, Schr\u00e4nke und anderes Zubeh\u00f6r verwendet. Aus diesem Grund haben wir modulare Gleichrichtersysteme entwickelt, die in einem einzigen 19&#8243; Rack untergebracht sind. Das System besteht aus AC-Verteilung, ein bis vier Spannungsgleichrichtern, Mikroprozessor-Steuerger\u00e4t und Batterieschutz gegen \u00dcberlastung, Kurzschluss [&hellip;]<\/p>\n","protected":false},"author":3,"featured_media":0,"parent":0,"menu_order":7,"comment_status":"closed","ping_status":"closed","template":"elementor_header_footer","meta":{"footnotes":""},"class_list":["post-21841","page","type-page","status-publish","hentry"],"blocksy_meta":[],"yoast_head":"<!-- This site is optimized with the Yoast SEO plugin v24.0 - https:\/\/yoast.com\/wordpress\/plugins\/seo\/ -->\n<title>GLEICHRICHTER-SYSTEME - Mareton Power<\/title>\n<meta name=\"robots\" content=\"index, follow, max-snippet:-1, max-image-preview:large, max-video-preview:-1\" \/>\n<link rel=\"canonical\" href=\"https:\/\/mareton-power.com\/de\/gleichrichter-systeme\/\" \/>\n<meta property=\"og:locale\" content=\"de_DE\" \/>\n<meta property=\"og:type\" content=\"article\" \/>\n<meta property=\"og:title\" content=\"GLEICHRICHTER-SYSTEME - Mareton Power\" \/>\n<meta property=\"og:description\" content=\"GLEICHRICHTER-SYSTEME Unser Kunde kann kleine industrielle modulare DC-USV selbst herstellen, indem er unsere Gleichrichtersysteme und seine eigene DC-Verteilung, Batterien, Schr\u00e4nke und anderes Zubeh\u00f6r verwendet. Aus diesem Grund haben wir modulare Gleichrichtersysteme entwickelt, die in einem einzigen 19&#8243; Rack untergebracht sind. Das System besteht aus AC-Verteilung, ein bis vier Spannungsgleichrichtern, Mikroprozessor-Steuerger\u00e4t und Batterieschutz gegen \u00dcberlastung, Kurzschluss [&hellip;]\" \/>\n<meta property=\"og:url\" content=\"https:\/\/mareton-power.com\/de\/gleichrichter-systeme\/\" \/>\n<meta property=\"og:site_name\" content=\"Mareton Power\" \/>\n<meta property=\"article:modified_time\" content=\"2025-05-05T13:10:17+00:00\" \/>\n<meta property=\"og:image\" content=\"https:\/\/mareton-power.com\/wp-content\/uploads\/2024\/11\/20240405_103940-scaled.jpg\" \/>\n\t<meta property=\"og:image:width\" content=\"2560\" \/>\n\t<meta property=\"og:image:height\" content=\"1920\" \/>\n\t<meta property=\"og:image:type\" content=\"image\/jpeg\" \/>\n<meta name=\"twitter:card\" content=\"summary_large_image\" \/>\n<meta name=\"twitter:label1\" content=\"Gesch\u00e4tzte Lesezeit\" \/>\n\t<meta name=\"twitter:data1\" content=\"5\u00a0Minuten\" \/>\n<script type=\"application\/ld+json\" class=\"yoast-schema-graph\">{\"@context\":\"https:\/\/schema.org\",\"@graph\":[{\"@type\":\"WebPage\",\"@id\":\"https:\/\/mareton-power.com\/de\/gleichrichter-systeme\/\",\"url\":\"https:\/\/mareton-power.com\/de\/gleichrichter-systeme\/\",\"name\":\"GLEICHRICHTER-SYSTEME - Mareton Power\",\"isPartOf\":{\"@id\":\"https:\/\/mareton-power.com\/#website\"},\"primaryImageOfPage\":{\"@id\":\"https:\/\/mareton-power.com\/de\/gleichrichter-systeme\/#primaryimage\"},\"image\":{\"@id\":\"https:\/\/mareton-power.com\/de\/gleichrichter-systeme\/#primaryimage\"},\"thumbnailUrl\":\"https:\/\/mareton-power.com\/wp-content\/uploads\/2024\/11\/20240405_103940-scaled.jpg\",\"datePublished\":\"2025-04-18T07:02:23+00:00\",\"dateModified\":\"2025-05-05T13:10:17+00:00\",\"breadcrumb\":{\"@id\":\"https:\/\/mareton-power.com\/de\/gleichrichter-systeme\/#breadcrumb\"},\"inLanguage\":\"de\",\"potentialAction\":[{\"@type\":\"ReadAction\",\"target\":[\"https:\/\/mareton-power.com\/de\/gleichrichter-systeme\/\"]}]},{\"@type\":\"ImageObject\",\"inLanguage\":\"de\",\"@id\":\"https:\/\/mareton-power.com\/de\/gleichrichter-systeme\/#primaryimage\",\"url\":\"https:\/\/mareton-power.com\/wp-content\/uploads\/2024\/11\/20240405_103940-scaled.jpg\",\"contentUrl\":\"https:\/\/mareton-power.com\/wp-content\/uploads\/2024\/11\/20240405_103940-scaled.jpg\"},{\"@type\":\"BreadcrumbList\",\"@id\":\"https:\/\/mareton-power.com\/de\/gleichrichter-systeme\/#breadcrumb\",\"itemListElement\":[{\"@type\":\"ListItem\",\"position\":1,\"name\":\"Home\",\"item\":\"https:\/\/mareton-power.com\/\"},{\"@type\":\"ListItem\",\"position\":2,\"name\":\"GLEICHRICHTER-SYSTEME\"}]},{\"@type\":\"WebSite\",\"@id\":\"https:\/\/mareton-power.com\/#website\",\"url\":\"https:\/\/mareton-power.com\/\",\"name\":\"Mareton\",\"description\":\"\",\"publisher\":{\"@id\":\"https:\/\/mareton-power.com\/#organization\"},\"potentialAction\":[{\"@type\":\"SearchAction\",\"target\":{\"@type\":\"EntryPoint\",\"urlTemplate\":\"https:\/\/mareton-power.com\/?s={search_term_string}\"},\"query-input\":{\"@type\":\"PropertyValueSpecification\",\"valueRequired\":true,\"valueName\":\"search_term_string\"}}],\"inLanguage\":\"de\"},{\"@type\":\"Organization\",\"@id\":\"https:\/\/mareton-power.com\/#organization\",\"name\":\"Mareton d.o.o.\",\"url\":\"https:\/\/mareton-power.com\/\",\"logo\":{\"@type\":\"ImageObject\",\"inLanguage\":\"de\",\"@id\":\"https:\/\/mareton-power.com\/#\/schema\/logo\/image\/\",\"url\":\"https:\/\/mareton-power.com\/wp-content\/uploads\/2024\/11\/MARETON_LOGO_ENG.jpg\",\"contentUrl\":\"https:\/\/mareton-power.com\/wp-content\/uploads\/2024\/11\/MARETON_LOGO_ENG.jpg\",\"width\":1402,\"height\":285,\"caption\":\"Mareton d.o.o.\"},\"image\":{\"@id\":\"https:\/\/mareton-power.com\/#\/schema\/logo\/image\/\"}}]}<\/script>\n<!-- \/ Yoast SEO plugin. -->","yoast_head_json":{"title":"GLEICHRICHTER-SYSTEME - Mareton Power","robots":{"index":"index","follow":"follow","max-snippet":"max-snippet:-1","max-image-preview":"max-image-preview:large","max-video-preview":"max-video-preview:-1"},"canonical":"https:\/\/mareton-power.com\/de\/gleichrichter-systeme\/","og_locale":"de_DE","og_type":"article","og_title":"GLEICHRICHTER-SYSTEME - Mareton Power","og_description":"GLEICHRICHTER-SYSTEME Unser Kunde kann kleine industrielle modulare DC-USV selbst herstellen, indem er unsere Gleichrichtersysteme und seine eigene DC-Verteilung, Batterien, Schr\u00e4nke und anderes Zubeh\u00f6r verwendet. Aus diesem Grund haben wir modulare Gleichrichtersysteme entwickelt, die in einem einzigen 19&#8243; Rack untergebracht sind. Das System besteht aus AC-Verteilung, ein bis vier Spannungsgleichrichtern, Mikroprozessor-Steuerger\u00e4t und Batterieschutz gegen \u00dcberlastung, Kurzschluss [&hellip;]","og_url":"https:\/\/mareton-power.com\/de\/gleichrichter-systeme\/","og_site_name":"Mareton Power","article_modified_time":"2025-05-05T13:10:17+00:00","og_image":[{"width":2560,"height":1920,"url":"https:\/\/mareton-power.com\/wp-content\/uploads\/2024\/11\/20240405_103940-scaled.jpg","type":"image\/jpeg"}],"twitter_card":"summary_large_image","twitter_misc":{"Gesch\u00e4tzte Lesezeit":"5\u00a0Minuten"},"schema":{"@context":"https:\/\/schema.org","@graph":[{"@type":"WebPage","@id":"https:\/\/mareton-power.com\/de\/gleichrichter-systeme\/","url":"https:\/\/mareton-power.com\/de\/gleichrichter-systeme\/","name":"GLEICHRICHTER-SYSTEME - Mareton Power","isPartOf":{"@id":"https:\/\/mareton-power.com\/#website"},"primaryImageOfPage":{"@id":"https:\/\/mareton-power.com\/de\/gleichrichter-systeme\/#primaryimage"},"image":{"@id":"https:\/\/mareton-power.com\/de\/gleichrichter-systeme\/#primaryimage"},"thumbnailUrl":"https:\/\/mareton-power.com\/wp-content\/uploads\/2024\/11\/20240405_103940-scaled.jpg","datePublished":"2025-04-18T07:02:23+00:00","dateModified":"2025-05-05T13:10:17+00:00","breadcrumb":{"@id":"https:\/\/mareton-power.com\/de\/gleichrichter-systeme\/#breadcrumb"},"inLanguage":"de","potentialAction":[{"@type":"ReadAction","target":["https:\/\/mareton-power.com\/de\/gleichrichter-systeme\/"]}]},{"@type":"ImageObject","inLanguage":"de","@id":"https:\/\/mareton-power.com\/de\/gleichrichter-systeme\/#primaryimage","url":"https:\/\/mareton-power.com\/wp-content\/uploads\/2024\/11\/20240405_103940-scaled.jpg","contentUrl":"https:\/\/mareton-power.com\/wp-content\/uploads\/2024\/11\/20240405_103940-scaled.jpg"},{"@type":"BreadcrumbList","@id":"https:\/\/mareton-power.com\/de\/gleichrichter-systeme\/#breadcrumb","itemListElement":[{"@type":"ListItem","position":1,"name":"Home","item":"https:\/\/mareton-power.com\/"},{"@type":"ListItem","position":2,"name":"GLEICHRICHTER-SYSTEME"}]},{"@type":"WebSite","@id":"https:\/\/mareton-power.com\/#website","url":"https:\/\/mareton-power.com\/","name":"Mareton","description":"","publisher":{"@id":"https:\/\/mareton-power.com\/#organization"},"potentialAction":[{"@type":"SearchAction","target":{"@type":"EntryPoint","urlTemplate":"https:\/\/mareton-power.com\/?s={search_term_string}"},"query-input":{"@type":"PropertyValueSpecification","valueRequired":true,"valueName":"search_term_string"}}],"inLanguage":"de"},{"@type":"Organization","@id":"https:\/\/mareton-power.com\/#organization","name":"Mareton d.o.o.","url":"https:\/\/mareton-power.com\/","logo":{"@type":"ImageObject","inLanguage":"de","@id":"https:\/\/mareton-power.com\/#\/schema\/logo\/image\/","url":"https:\/\/mareton-power.com\/wp-content\/uploads\/2024\/11\/MARETON_LOGO_ENG.jpg","contentUrl":"https:\/\/mareton-power.com\/wp-content\/uploads\/2024\/11\/MARETON_LOGO_ENG.jpg","width":1402,"height":285,"caption":"Mareton d.o.o."},"image":{"@id":"https:\/\/mareton-power.com\/#\/schema\/logo\/image\/"}}]}},"_links":{"self":[{"href":"https:\/\/mareton-power.com\/de\/wp-json\/wp\/v2\/pages\/21841","targetHints":{"allow":["GET"]}}],"collection":[{"href":"https:\/\/mareton-power.com\/de\/wp-json\/wp\/v2\/pages"}],"about":[{"href":"https:\/\/mareton-power.com\/de\/wp-json\/wp\/v2\/types\/page"}],"author":[{"embeddable":true,"href":"https:\/\/mareton-power.com\/de\/wp-json\/wp\/v2\/users\/3"}],"replies":[{"embeddable":true,"href":"https:\/\/mareton-power.com\/de\/wp-json\/wp\/v2\/comments?post=21841"}],"version-history":[{"count":16,"href":"https:\/\/mareton-power.com\/de\/wp-json\/wp\/v2\/pages\/21841\/revisions"}],"predecessor-version":[{"id":22506,"href":"https:\/\/mareton-power.com\/de\/wp-json\/wp\/v2\/pages\/21841\/revisions\/22506"}],"wp:attachment":[{"href":"https:\/\/mareton-power.com\/de\/wp-json\/wp\/v2\/media?parent=21841"}],"curies":[{"name":"wp","href":"https:\/\/api.w.org\/{rel}","templated":true}]}}