{"id":21908,"date":"2025-04-18T10:01:27","date_gmt":"2025-04-18T08:01:27","guid":{"rendered":"https:\/\/mareton-power.com\/?page_id=21908"},"modified":"2025-05-05T15:08:47","modified_gmt":"2025-05-05T13:08:47","slug":"dc-und-ac-verteilungen","status":"publish","type":"page","link":"https:\/\/mareton-power.com\/de\/dc-und-ac-verteilungen\/","title":{"rendered":"DC-UND AC-VERTEILUNGEN"},"content":{"rendered":"\t\t<div data-elementor-type=\"wp-page\" data-elementor-id=\"21908\" class=\"elementor elementor-21908 elementor-18984\" data-elementor-post-type=\"page\">\n\t\t\t\t<div class=\"elementor-element elementor-element-843b14c e-con-full e-flex e-con e-parent\" data-id=\"843b14c\" data-element_type=\"container\">\n\t\t\t\t<div class=\"elementor-element elementor-element-2566ce8 elementor-widget elementor-widget-spacer\" data-id=\"2566ce8\" data-element_type=\"widget\" data-widget_type=\"spacer.default\">\n\t\t\t\t<div class=\"elementor-widget-container\">\n\t\t\t\t\t<div class=\"elementor-spacer\">\n\t\t\t<div class=\"elementor-spacer-inner\"><\/div>\n\t\t<\/div>\n\t\t\t\t<\/div>\n\t\t\t\t<\/div>\n\t\t\t\t<div class=\"elementor-element elementor-element-91e5a00 elementor-widget elementor-widget-heading\" data-id=\"91e5a00\" data-element_type=\"widget\" data-widget_type=\"heading.default\">\n\t\t\t\t<div class=\"elementor-widget-container\">\n\t\t\t<h2 class=\"elementor-heading-title elementor-size-default\">DC-UND AC-VERTEILUNGEN<\/h2>\t\t<\/div>\n\t\t\t\t<\/div>\n\t\t\t\t<div class=\"elementor-element elementor-element-2bf13f3 elementor-widget elementor-widget-spacer\" data-id=\"2bf13f3\" data-element_type=\"widget\" data-widget_type=\"spacer.default\">\n\t\t\t\t<div class=\"elementor-widget-container\">\n\t\t\t\t\t<div class=\"elementor-spacer\">\n\t\t\t<div class=\"elementor-spacer-inner\"><\/div>\n\t\t<\/div>\n\t\t\t\t<\/div>\n\t\t\t\t<\/div>\n\t\t\t\t<\/div>\n\t\t<div class=\"elementor-element elementor-element-f72b219 e-flex e-con-boxed e-con e-parent\" data-id=\"f72b219\" data-element_type=\"container\">\n\t\t\t\t\t<div class=\"e-con-inner\">\n\t\t\t\t<div class=\"elementor-element elementor-element-ab0642d elementor-widget elementor-widget-spacer\" data-id=\"ab0642d\" data-element_type=\"widget\" data-widget_type=\"spacer.default\">\n\t\t\t\t<div class=\"elementor-widget-container\">\n\t\t\t\t\t<div class=\"elementor-spacer\">\n\t\t\t<div class=\"elementor-spacer-inner\"><\/div>\n\t\t<\/div>\n\t\t\t\t<\/div>\n\t\t\t\t<\/div>\n\t\t\t\t<div class=\"elementor-element elementor-element-6f805e5 elementor-widget elementor-widget-spacer\" data-id=\"6f805e5\" data-element_type=\"widget\" data-widget_type=\"spacer.default\">\n\t\t\t\t<div class=\"elementor-widget-container\">\n\t\t\t\t\t<div class=\"elementor-spacer\">\n\t\t\t<div class=\"elementor-spacer-inner\"><\/div>\n\t\t<\/div>\n\t\t\t\t<\/div>\n\t\t\t\t<\/div>\n\t\t\t\t\t<\/div>\n\t\t\t\t<\/div>\n\t\t<div class=\"elementor-element elementor-element-11a9e74 e-con-full e-flex e-con e-parent\" data-id=\"11a9e74\" data-element_type=\"container\">\n\t\t<div class=\"elementor-element elementor-element-6f3c061 e-con-full e-flex e-con e-child\" data-id=\"6f3c061\" data-element_type=\"container\">\n\t\t\t\t<div class=\"elementor-element elementor-element-11fb2c9 elementor-widget elementor-widget-image\" data-id=\"11fb2c9\" data-element_type=\"widget\" data-widget_type=\"image.default\">\n\t\t\t\t<div class=\"elementor-widget-container\">\n\t\t\t\t\t\t\t\t\t\t\t\t\t<img fetchpriority=\"high\" decoding=\"async\" width=\"1690\" height=\"1827\" src=\"https:\/\/mareton-power.com\/wp-content\/uploads\/2024\/11\/F57.jpg\" class=\"attachment-full size-full wp-image-20002\" alt=\"\" srcset=\"https:\/\/mareton-power.com\/wp-content\/uploads\/2024\/11\/F57.jpg 1690w, https:\/\/mareton-power.com\/wp-content\/uploads\/2024\/11\/F57-278x300.jpg 278w, https:\/\/mareton-power.com\/wp-content\/uploads\/2024\/11\/F57-947x1024.jpg 947w, https:\/\/mareton-power.com\/wp-content\/uploads\/2024\/11\/F57-139x150.jpg 139w, https:\/\/mareton-power.com\/wp-content\/uploads\/2024\/11\/F57-768x830.jpg 768w, https:\/\/mareton-power.com\/wp-content\/uploads\/2024\/11\/F57-1421x1536.jpg 1421w\" sizes=\"(max-width: 1690px) 100vw, 1690px\" \/>\t\t\t\t\t\t\t\t\t\t\t\t\t<\/div>\n\t\t\t\t<\/div>\n\t\t\t\t<div class=\"elementor-element elementor-element-f223a1d elementor-widget elementor-widget-text-editor\" data-id=\"f223a1d\" data-element_type=\"widget\" data-widget_type=\"text-editor.default\">\n\t\t\t\t<div class=\"elementor-widget-container\">\n\t\t\t\t\t\t\t<div class=\"elementor-element elementor-element-a152e8a elementor-widget elementor-widget-text-editor\" data-id=\"a152e8a\" data-element_type=\"widget\" data-widget_type=\"text-editor.default\"><div class=\"elementor-widget-container\"><div class=\"elementor-element elementor-element-a152e8a elementor-widget elementor-widget-text-editor\" data-id=\"a152e8a\" data-element_type=\"widget\" data-widget_type=\"text-editor.default\"><div class=\"elementor-widget-container\"><div class=\"elementor-element elementor-element-a152e8a elementor-widget elementor-widget-text-editor\" data-id=\"a152e8a\" data-element_type=\"widget\" data-widget_type=\"text-editor.default\"><div class=\"elementor-widget-container\"><div class=\"elementor-element elementor-element-a152e8a elementor-widget elementor-widget-text-editor\" data-id=\"a152e8a\" data-element_type=\"widget\" data-widget_type=\"text-editor.default\"><div class=\"elementor-widget-container\"><p>Beispiel 1<br \/>Verteilung 220 VDC, 3 Selektivit\u00e4tsstufen<\/p><\/div><\/div><\/div><\/div><\/div><\/div><\/div><\/div>\t\t\t\t\t\t<\/div>\n\t\t\t\t<\/div>\n\t\t\t\t<\/div>\n\t\t<div class=\"elementor-element elementor-element-f21e1d1 e-con-full e-flex e-con e-child\" data-id=\"f21e1d1\" data-element_type=\"container\">\n\t\t\t\t<div class=\"elementor-element elementor-element-827e380 elementor-widget elementor-widget-text-editor\" data-id=\"827e380\" data-element_type=\"widget\" data-widget_type=\"text-editor.default\">\n\t\t\t\t<div class=\"elementor-widget-container\">\n\t\t\t\t\t\t\t<div class=\"elementor-element elementor-element-a152e8a elementor-widget elementor-widget-text-editor\" data-id=\"a152e8a\" data-element_type=\"widget\" data-widget_type=\"text-editor.default\"><div class=\"elementor-widget-container\"><div class=\"elementor-element elementor-element-a152e8a elementor-widget elementor-widget-text-editor\" data-id=\"a152e8a\" data-element_type=\"widget\" data-widget_type=\"text-editor.default\"><div class=\"elementor-widget-container\"><div class=\"elementor-element elementor-element-a152e8a elementor-widget elementor-widget-text-editor\" data-id=\"a152e8a\" data-element_type=\"widget\" data-widget_type=\"text-editor.default\"><div class=\"elementor-widget-container\"><div class=\"elementor-element elementor-element-a152e8a elementor-widget elementor-widget-text-editor\" data-id=\"a152e8a\" data-element_type=\"widget\" data-widget_type=\"text-editor.default\"><div class=\"elementor-widget-container\"><p>STRUKTUR:<\/p><p>&#8211; Die erste Stufe der Verteilungsselektivit\u00e4t, der Batterieschutz gegen \u00dcberlastung, Kurzschluss- und Tiefentladungs-MCCB, 20 A bis 630 A, 30 bis 50 kA <br \/>&#8211; Zweite Stufe der Verteilungsselektivit\u00e4t, Schutz der Lasten vor \u00dcberlastung und Kurzschluss-MCCB, 20 A bis 160 A, 30 bis 50 kA MCB, 10 A bis 60 A, 5 bis 15 kA <br \/>&#8211; Dritte Stufe der Verteilungsselektivit\u00e4t, Schutz der Lasten vor \u00dcberlastung und Kurzschluss-MCB, 10 A bis 60 A, 5 bis 15 kA <br \/>&#8211; Vierte Stufe der Verteilungsselektivit\u00e4t, Schutz der Lasten vor \u00dcberlastung und Kurzschluss-MCB, 1 A bis 25 A, 5 kA oder Sicherungen 1 A bis 10 A, FF, F oder T Charakteristik<\/p><\/div><\/div><\/div><\/div><\/div><\/div><\/div><\/div>\t\t\t\t\t\t<\/div>\n\t\t\t\t<\/div>\n\t\t\t\t<\/div>\n\t\t\t\t<\/div>\n\t\t<div class=\"elementor-element elementor-element-5a2c0ee e-con-full e-flex e-con e-parent\" data-id=\"5a2c0ee\" data-element_type=\"container\">\n\t\t<div class=\"elementor-element elementor-element-5036e83 e-con-full e-flex e-con e-child\" data-id=\"5036e83\" data-element_type=\"container\">\n\t\t\t\t<div class=\"elementor-element elementor-element-15627aa elementor-widget elementor-widget-image\" data-id=\"15627aa\" data-element_type=\"widget\" data-widget_type=\"image.default\">\n\t\t\t\t<div class=\"elementor-widget-container\">\n\t\t\t\t\t\t\t\t\t\t\t\t\t<img decoding=\"async\" src=\"https:\/\/mareton-power.com\/wp-content\/uploads\/2024\/09\/F59.jpg\" class=\"attachment-full size-full wp-image-16016\" alt=\"\" \/>\t\t\t\t\t\t\t\t\t\t\t\t\t<\/div>\n\t\t\t\t<\/div>\n\t\t\t\t<\/div>\n\t\t<div class=\"elementor-element elementor-element-1ef6651 e-con-full e-flex e-con e-child\" data-id=\"1ef6651\" data-element_type=\"container\">\n\t\t\t\t<div class=\"elementor-element elementor-element-68a34ad elementor-widget elementor-widget-text-editor\" data-id=\"68a34ad\" data-element_type=\"widget\" data-widget_type=\"text-editor.default\">\n\t\t\t\t<div class=\"elementor-widget-container\">\n\t\t\t\t\t\t\t<div class=\"elementor-element elementor-element-a152e8a elementor-widget elementor-widget-text-editor\" data-id=\"a152e8a\" data-element_type=\"widget\" data-widget_type=\"text-editor.default\"><div class=\"elementor-widget-container\"><div class=\"elementor-element elementor-element-a152e8a elementor-widget elementor-widget-text-editor\" data-id=\"a152e8a\" data-element_type=\"widget\" data-widget_type=\"text-editor.default\"><div class=\"elementor-widget-container\"><div class=\"elementor-element elementor-element-a152e8a elementor-widget elementor-widget-text-editor\" data-id=\"a152e8a\" data-element_type=\"widget\" data-widget_type=\"text-editor.default\"><div class=\"elementor-widget-container\"><div class=\"elementor-element elementor-element-a152e8a elementor-widget elementor-widget-text-editor\" data-id=\"a152e8a\" data-element_type=\"widget\" data-widget_type=\"text-editor.default\"><div class=\"elementor-widget-container\"><p>SPANNUNG:<\/p><p>AC Spannung &#8211; 230 V, 50 Hz <br \/>&#8211; 3 x 400 \/ 230 V, 50 Hz <br \/>Eine oder mehrere Gleichspannungen<br \/><br \/>&#8211; 24 VDC, <br \/>&#8211; 48 VDC, <br \/>&#8211; 60 VDC <br \/>&#8211; 110 VDC, <br \/>&#8211; 125 VDC, <br \/>&#8211; 220 VDC <br \/><br \/>STR\u00d6MUNG: <br \/>1 A to 630 A \/ 5 kA to 50 kA<\/p><\/div><\/div><\/div><\/div><\/div><\/div><\/div><\/div>\t\t\t\t\t\t<\/div>\n\t\t\t\t<\/div>\n\t\t\t\t<div class=\"elementor-element elementor-element-5deebe0 elementor-widget elementor-widget-text-editor\" data-id=\"5deebe0\" data-element_type=\"widget\" data-widget_type=\"text-editor.default\">\n\t\t\t\t<div class=\"elementor-widget-container\">\n\t\t\t\t\t\t\t<div class=\"elementor-element elementor-element-a152e8a elementor-widget elementor-widget-text-editor\" data-id=\"a152e8a\" data-element_type=\"widget\" data-widget_type=\"text-editor.default\"><div class=\"elementor-widget-container\"><div class=\"elementor-element elementor-element-a152e8a elementor-widget elementor-widget-text-editor\" data-id=\"a152e8a\" data-element_type=\"widget\" data-widget_type=\"text-editor.default\"><div class=\"elementor-widget-container\"><div class=\"elementor-element elementor-element-a152e8a elementor-widget elementor-widget-text-editor\" data-id=\"a152e8a\" data-element_type=\"widget\" data-widget_type=\"text-editor.default\"><div class=\"elementor-widget-container\"><div class=\"elementor-element elementor-element-a152e8a elementor-widget elementor-widget-text-editor\" data-id=\"a152e8a\" data-element_type=\"widget\" data-widget_type=\"text-editor.default\"><div class=\"elementor-widget-container\"><p>Beispiel 2<br \/>Verteilung 3&#215;400\/230 V, 50<\/p><\/div><\/div><\/div><\/div><\/div><\/div><\/div><\/div>\t\t\t\t\t\t<\/div>\n\t\t\t\t<\/div>\n\t\t\t\t<\/div>\n\t\t<div class=\"elementor-element elementor-element-9783e16 e-con-full e-flex e-con e-child\" data-id=\"9783e16\" data-element_type=\"container\">\n\t\t\t\t<div class=\"elementor-element elementor-element-c379553 elementor-widget elementor-widget-image\" data-id=\"c379553\" data-element_type=\"widget\" data-widget_type=\"image.default\">\n\t\t\t\t<div class=\"elementor-widget-container\">\n\t\t\t\t\t\t\t\t\t\t\t\t\t<img decoding=\"async\" width=\"1920\" height=\"2560\" src=\"https:\/\/mareton-power.com\/wp-content\/uploads\/2024\/11\/F60-scaled.jpg\" class=\"attachment-full size-full wp-image-20633\" alt=\"\" srcset=\"https:\/\/mareton-power.com\/wp-content\/uploads\/2024\/11\/F60-scaled.jpg 1920w, https:\/\/mareton-power.com\/wp-content\/uploads\/2024\/11\/F60-225x300.jpg 225w, https:\/\/mareton-power.com\/wp-content\/uploads\/2024\/11\/F60-768x1024.jpg 768w, https:\/\/mareton-power.com\/wp-content\/uploads\/2024\/11\/F60-113x150.jpg 113w, https:\/\/mareton-power.com\/wp-content\/uploads\/2024\/11\/F60-1152x1536.jpg 1152w, https:\/\/mareton-power.com\/wp-content\/uploads\/2024\/11\/F60-1536x2048.jpg 1536w\" sizes=\"(max-width: 1920px) 100vw, 1920px\" \/>\t\t\t\t\t\t\t\t\t\t\t\t\t<\/div>\n\t\t\t\t<\/div>\n\t\t\t\t<\/div>\n\t\t\t\t<\/div>\n\t\t<div class=\"elementor-element elementor-element-2886299 e-con-full e-flex e-con e-parent\" data-id=\"2886299\" data-element_type=\"container\">\n\t\t<div class=\"elementor-element elementor-element-ee0d5f0 e-con-full e-flex e-con e-child\" data-id=\"ee0d5f0\" data-element_type=\"container\">\n\t\t\t\t<\/div>\n\t\t<div class=\"elementor-element elementor-element-25e4301 e-con-full e-flex e-con e-child\" data-id=\"25e4301\" data-element_type=\"container\">\n\t\t\t\t<div class=\"elementor-element elementor-element-a1f5d49 elementor-widget elementor-widget-text-editor\" data-id=\"a1f5d49\" data-element_type=\"widget\" data-widget_type=\"text-editor.default\">\n\t\t\t\t<div class=\"elementor-widget-container\">\n\t\t\t\t\t\t\t<div class=\"elementor-element elementor-element-a152e8a elementor-widget elementor-widget-text-editor\" data-id=\"a152e8a\" data-element_type=\"widget\" data-widget_type=\"text-editor.default\"><div class=\"elementor-widget-container\"><div class=\"elementor-element elementor-element-a152e8a elementor-widget elementor-widget-text-editor\" data-id=\"a152e8a\" data-element_type=\"widget\" data-widget_type=\"text-editor.default\"><div class=\"elementor-widget-container\"><div class=\"elementor-element elementor-element-a152e8a elementor-widget elementor-widget-text-editor\" data-id=\"a152e8a\" data-element_type=\"widget\" data-widget_type=\"text-editor.default\"><div class=\"elementor-widget-container\"><div class=\"elementor-element elementor-element-a152e8a elementor-widget elementor-widget-text-editor\" data-id=\"a152e8a\" data-element_type=\"widget\" data-widget_type=\"text-editor.default\"><div class=\"elementor-widget-container\"><p>SELEKTIVES AUS- \/ EINSCHALTEN VON LASTEN<\/p><p>Durch den rationellen Einsatz des Akkus Wenn die Batterie mit Strom versorgt wird, werden weniger wichtige Ger\u00e4te muss zuerst ausgeschaltet werden. Danach werden mittelst\u00e4ndische Verbraucher ausgeschlossen. Die wichtigsten Verbrauchsmaterialien werden sp\u00e4testens dann von der Batterie getrennt. <br \/>Zum Beispiel: Der unwichtigste Verbraucher wird abgeschaltet, wenn die Batteriespannung unter 1,9 bis 2 V f\u00e4llt. Mittlere Verbrauchsmaterialien trennen sich von der Batterie, wenn die Batteriespannung unter 1,8 bis 1,9 V f\u00e4llt.Die Verbraucher mit der h\u00f6chsten Priorit\u00e4t werden von der Batterie getrennt, wenn die Batteriespannung unter 1,65 bis 1,8 V f\u00e4llt. Auf diese Weise wird der Strom der Batterie rationell genutzt und verhindert den Prozess der Tiefentladung der Batterie. Die Stromlasten werden wieder eingeschaltet, wenn die Batterieladeger\u00e4te in Betrieb sind. <br \/>Die Batterie\u00fcberwachung und das Ein- und Ausschalten der Leistungsschaltergruppen, dh der Lasten, wird von einer zentralen Mikroprozessoreinheit durchgef\u00fchrt.<\/p><\/div><\/div><\/div><\/div><\/div><\/div><\/div><\/div>\t\t\t\t\t\t<\/div>\n\t\t\t\t<\/div>\n\t\t\t\t<\/div>\n\t\t<div class=\"elementor-element elementor-element-c0d1a3c e-con-full e-flex e-con e-child\" data-id=\"c0d1a3c\" data-element_type=\"container\">\n\t\t\t\t<\/div>\n\t\t\t\t<\/div>\n\t\t\t\t<\/div>\n\t\t","protected":false},"excerpt":{"rendered":"<p>DC-UND AC-VERTEILUNGEN Beispiel 1Verteilung 220 VDC, 3 Selektivit\u00e4tsstufen STRUKTUR: &#8211; Die erste Stufe der Verteilungsselektivit\u00e4t, der Batterieschutz gegen \u00dcberlastung, Kurzschluss- und Tiefentladungs-MCCB, 20 A bis 630 A, 30 bis 50 kA &#8211; Zweite Stufe der Verteilungsselektivit\u00e4t, Schutz der Lasten vor \u00dcberlastung und Kurzschluss-MCCB, 20 A bis 160 A, 30 bis 50 kA MCB, 10 A [&hellip;]<\/p>\n","protected":false},"author":3,"featured_media":0,"parent":0,"menu_order":12,"comment_status":"closed","ping_status":"closed","template":"elementor_header_footer","meta":{"footnotes":""},"class_list":["post-21908","page","type-page","status-publish","hentry"],"blocksy_meta":[],"yoast_head":"<!-- This site is optimized with the Yoast SEO plugin v24.0 - https:\/\/yoast.com\/wordpress\/plugins\/seo\/ -->\n<title>DC-UND AC-VERTEILUNGEN - Mareton Power<\/title>\n<meta name=\"robots\" content=\"index, follow, max-snippet:-1, max-image-preview:large, max-video-preview:-1\" \/>\n<link rel=\"canonical\" href=\"https:\/\/mareton-power.com\/de\/dc-und-ac-verteilungen\/\" \/>\n<meta property=\"og:locale\" content=\"de_DE\" \/>\n<meta property=\"og:type\" content=\"article\" \/>\n<meta property=\"og:title\" content=\"DC-UND AC-VERTEILUNGEN - Mareton Power\" \/>\n<meta property=\"og:description\" content=\"DC-UND AC-VERTEILUNGEN Beispiel 1Verteilung 220 VDC, 3 Selektivit\u00e4tsstufen STRUKTUR: &#8211; Die erste Stufe der Verteilungsselektivit\u00e4t, der Batterieschutz gegen \u00dcberlastung, Kurzschluss- und Tiefentladungs-MCCB, 20 A bis 630 A, 30 bis 50 kA &#8211; Zweite Stufe der Verteilungsselektivit\u00e4t, Schutz der Lasten vor \u00dcberlastung und Kurzschluss-MCCB, 20 A bis 160 A, 30 bis 50 kA MCB, 10 A [&hellip;]\" \/>\n<meta property=\"og:url\" content=\"https:\/\/mareton-power.com\/de\/dc-und-ac-verteilungen\/\" \/>\n<meta property=\"og:site_name\" content=\"Mareton Power\" \/>\n<meta property=\"article:modified_time\" content=\"2025-05-05T13:08:47+00:00\" \/>\n<meta property=\"og:image\" content=\"https:\/\/mareton-power.com\/wp-content\/uploads\/2024\/11\/F57.jpg\" \/>\n\t<meta property=\"og:image:width\" content=\"1690\" \/>\n\t<meta property=\"og:image:height\" content=\"1827\" \/>\n\t<meta property=\"og:image:type\" content=\"image\/jpeg\" \/>\n<meta name=\"twitter:card\" content=\"summary_large_image\" \/>\n<meta name=\"twitter:label1\" content=\"Gesch\u00e4tzte Lesezeit\" \/>\n\t<meta name=\"twitter:data1\" content=\"9\u00a0Minuten\" \/>\n<script type=\"application\/ld+json\" class=\"yoast-schema-graph\">{\"@context\":\"https:\/\/schema.org\",\"@graph\":[{\"@type\":\"WebPage\",\"@id\":\"https:\/\/mareton-power.com\/de\/dc-und-ac-verteilungen\/\",\"url\":\"https:\/\/mareton-power.com\/de\/dc-und-ac-verteilungen\/\",\"name\":\"DC-UND AC-VERTEILUNGEN - Mareton Power\",\"isPartOf\":{\"@id\":\"https:\/\/mareton-power.com\/#website\"},\"primaryImageOfPage\":{\"@id\":\"https:\/\/mareton-power.com\/de\/dc-und-ac-verteilungen\/#primaryimage\"},\"image\":{\"@id\":\"https:\/\/mareton-power.com\/de\/dc-und-ac-verteilungen\/#primaryimage\"},\"thumbnailUrl\":\"https:\/\/mareton-power.com\/wp-content\/uploads\/2024\/11\/F57.jpg\",\"datePublished\":\"2025-04-18T08:01:27+00:00\",\"dateModified\":\"2025-05-05T13:08:47+00:00\",\"breadcrumb\":{\"@id\":\"https:\/\/mareton-power.com\/de\/dc-und-ac-verteilungen\/#breadcrumb\"},\"inLanguage\":\"de\",\"potentialAction\":[{\"@type\":\"ReadAction\",\"target\":[\"https:\/\/mareton-power.com\/de\/dc-und-ac-verteilungen\/\"]}]},{\"@type\":\"ImageObject\",\"inLanguage\":\"de\",\"@id\":\"https:\/\/mareton-power.com\/de\/dc-und-ac-verteilungen\/#primaryimage\",\"url\":\"https:\/\/mareton-power.com\/wp-content\/uploads\/2024\/11\/F57.jpg\",\"contentUrl\":\"https:\/\/mareton-power.com\/wp-content\/uploads\/2024\/11\/F57.jpg\"},{\"@type\":\"BreadcrumbList\",\"@id\":\"https:\/\/mareton-power.com\/de\/dc-und-ac-verteilungen\/#breadcrumb\",\"itemListElement\":[{\"@type\":\"ListItem\",\"position\":1,\"name\":\"Home\",\"item\":\"https:\/\/mareton-power.com\/\"},{\"@type\":\"ListItem\",\"position\":2,\"name\":\"DC-UND AC-VERTEILUNGEN\"}]},{\"@type\":\"WebSite\",\"@id\":\"https:\/\/mareton-power.com\/#website\",\"url\":\"https:\/\/mareton-power.com\/\",\"name\":\"Mareton\",\"description\":\"\",\"publisher\":{\"@id\":\"https:\/\/mareton-power.com\/#organization\"},\"potentialAction\":[{\"@type\":\"SearchAction\",\"target\":{\"@type\":\"EntryPoint\",\"urlTemplate\":\"https:\/\/mareton-power.com\/?s={search_term_string}\"},\"query-input\":{\"@type\":\"PropertyValueSpecification\",\"valueRequired\":true,\"valueName\":\"search_term_string\"}}],\"inLanguage\":\"de\"},{\"@type\":\"Organization\",\"@id\":\"https:\/\/mareton-power.com\/#organization\",\"name\":\"Mareton d.o.o.\",\"url\":\"https:\/\/mareton-power.com\/\",\"logo\":{\"@type\":\"ImageObject\",\"inLanguage\":\"de\",\"@id\":\"https:\/\/mareton-power.com\/#\/schema\/logo\/image\/\",\"url\":\"https:\/\/mareton-power.com\/wp-content\/uploads\/2024\/11\/MARETON_LOGO_ENG.jpg\",\"contentUrl\":\"https:\/\/mareton-power.com\/wp-content\/uploads\/2024\/11\/MARETON_LOGO_ENG.jpg\",\"width\":1402,\"height\":285,\"caption\":\"Mareton d.o.o.\"},\"image\":{\"@id\":\"https:\/\/mareton-power.com\/#\/schema\/logo\/image\/\"}}]}<\/script>\n<!-- \/ Yoast SEO plugin. -->","yoast_head_json":{"title":"DC-UND AC-VERTEILUNGEN - Mareton Power","robots":{"index":"index","follow":"follow","max-snippet":"max-snippet:-1","max-image-preview":"max-image-preview:large","max-video-preview":"max-video-preview:-1"},"canonical":"https:\/\/mareton-power.com\/de\/dc-und-ac-verteilungen\/","og_locale":"de_DE","og_type":"article","og_title":"DC-UND AC-VERTEILUNGEN - Mareton Power","og_description":"DC-UND AC-VERTEILUNGEN Beispiel 1Verteilung 220 VDC, 3 Selektivit\u00e4tsstufen STRUKTUR: &#8211; Die erste Stufe der Verteilungsselektivit\u00e4t, der Batterieschutz gegen \u00dcberlastung, Kurzschluss- und Tiefentladungs-MCCB, 20 A bis 630 A, 30 bis 50 kA &#8211; Zweite Stufe der Verteilungsselektivit\u00e4t, Schutz der Lasten vor \u00dcberlastung und Kurzschluss-MCCB, 20 A bis 160 A, 30 bis 50 kA MCB, 10 A [&hellip;]","og_url":"https:\/\/mareton-power.com\/de\/dc-und-ac-verteilungen\/","og_site_name":"Mareton Power","article_modified_time":"2025-05-05T13:08:47+00:00","og_image":[{"width":1690,"height":1827,"url":"https:\/\/mareton-power.com\/wp-content\/uploads\/2024\/11\/F57.jpg","type":"image\/jpeg"}],"twitter_card":"summary_large_image","twitter_misc":{"Gesch\u00e4tzte Lesezeit":"9\u00a0Minuten"},"schema":{"@context":"https:\/\/schema.org","@graph":[{"@type":"WebPage","@id":"https:\/\/mareton-power.com\/de\/dc-und-ac-verteilungen\/","url":"https:\/\/mareton-power.com\/de\/dc-und-ac-verteilungen\/","name":"DC-UND AC-VERTEILUNGEN - Mareton Power","isPartOf":{"@id":"https:\/\/mareton-power.com\/#website"},"primaryImageOfPage":{"@id":"https:\/\/mareton-power.com\/de\/dc-und-ac-verteilungen\/#primaryimage"},"image":{"@id":"https:\/\/mareton-power.com\/de\/dc-und-ac-verteilungen\/#primaryimage"},"thumbnailUrl":"https:\/\/mareton-power.com\/wp-content\/uploads\/2024\/11\/F57.jpg","datePublished":"2025-04-18T08:01:27+00:00","dateModified":"2025-05-05T13:08:47+00:00","breadcrumb":{"@id":"https:\/\/mareton-power.com\/de\/dc-und-ac-verteilungen\/#breadcrumb"},"inLanguage":"de","potentialAction":[{"@type":"ReadAction","target":["https:\/\/mareton-power.com\/de\/dc-und-ac-verteilungen\/"]}]},{"@type":"ImageObject","inLanguage":"de","@id":"https:\/\/mareton-power.com\/de\/dc-und-ac-verteilungen\/#primaryimage","url":"https:\/\/mareton-power.com\/wp-content\/uploads\/2024\/11\/F57.jpg","contentUrl":"https:\/\/mareton-power.com\/wp-content\/uploads\/2024\/11\/F57.jpg"},{"@type":"BreadcrumbList","@id":"https:\/\/mareton-power.com\/de\/dc-und-ac-verteilungen\/#breadcrumb","itemListElement":[{"@type":"ListItem","position":1,"name":"Home","item":"https:\/\/mareton-power.com\/"},{"@type":"ListItem","position":2,"name":"DC-UND AC-VERTEILUNGEN"}]},{"@type":"WebSite","@id":"https:\/\/mareton-power.com\/#website","url":"https:\/\/mareton-power.com\/","name":"Mareton","description":"","publisher":{"@id":"https:\/\/mareton-power.com\/#organization"},"potentialAction":[{"@type":"SearchAction","target":{"@type":"EntryPoint","urlTemplate":"https:\/\/mareton-power.com\/?s={search_term_string}"},"query-input":{"@type":"PropertyValueSpecification","valueRequired":true,"valueName":"search_term_string"}}],"inLanguage":"de"},{"@type":"Organization","@id":"https:\/\/mareton-power.com\/#organization","name":"Mareton d.o.o.","url":"https:\/\/mareton-power.com\/","logo":{"@type":"ImageObject","inLanguage":"de","@id":"https:\/\/mareton-power.com\/#\/schema\/logo\/image\/","url":"https:\/\/mareton-power.com\/wp-content\/uploads\/2024\/11\/MARETON_LOGO_ENG.jpg","contentUrl":"https:\/\/mareton-power.com\/wp-content\/uploads\/2024\/11\/MARETON_LOGO_ENG.jpg","width":1402,"height":285,"caption":"Mareton d.o.o."},"image":{"@id":"https:\/\/mareton-power.com\/#\/schema\/logo\/image\/"}}]}},"_links":{"self":[{"href":"https:\/\/mareton-power.com\/de\/wp-json\/wp\/v2\/pages\/21908","targetHints":{"allow":["GET"]}}],"collection":[{"href":"https:\/\/mareton-power.com\/de\/wp-json\/wp\/v2\/pages"}],"about":[{"href":"https:\/\/mareton-power.com\/de\/wp-json\/wp\/v2\/types\/page"}],"author":[{"embeddable":true,"href":"https:\/\/mareton-power.com\/de\/wp-json\/wp\/v2\/users\/3"}],"replies":[{"embeddable":true,"href":"https:\/\/mareton-power.com\/de\/wp-json\/wp\/v2\/comments?post=21908"}],"version-history":[{"count":7,"href":"https:\/\/mareton-power.com\/de\/wp-json\/wp\/v2\/pages\/21908\/revisions"}],"predecessor-version":[{"id":22503,"href":"https:\/\/mareton-power.com\/de\/wp-json\/wp\/v2\/pages\/21908\/revisions\/22503"}],"wp:attachment":[{"href":"https:\/\/mareton-power.com\/de\/wp-json\/wp\/v2\/media?parent=21908"}],"curies":[{"name":"wp","href":"https:\/\/api.w.org\/{rel}","templated":true}]}}