{"id":22058,"date":"2025-04-18T12:06:37","date_gmt":"2025-04-18T10:06:37","guid":{"rendered":"https:\/\/mareton-power.com\/?page_id=22058"},"modified":"2025-04-18T15:50:28","modified_gmt":"2025-04-18T13:50:28","slug":"wechselrichter","status":"publish","type":"page","link":"https:\/\/mareton-power.com\/de\/wechselrichter\/","title":{"rendered":"WECHSELRICHTER"},"content":{"rendered":"\t\t<div data-elementor-type=\"wp-page\" data-elementor-id=\"22058\" class=\"elementor elementor-22058 elementor-18601\" data-elementor-post-type=\"page\">\n\t\t\t\t<div class=\"elementor-element elementor-element-843b14c e-con-full e-flex e-con e-parent\" data-id=\"843b14c\" data-element_type=\"container\">\n\t\t\t\t<div class=\"elementor-element elementor-element-2566ce8 elementor-widget elementor-widget-spacer\" data-id=\"2566ce8\" data-element_type=\"widget\" data-widget_type=\"spacer.default\">\n\t\t\t\t<div class=\"elementor-widget-container\">\n\t\t\t\t\t<div class=\"elementor-spacer\">\n\t\t\t<div class=\"elementor-spacer-inner\"><\/div>\n\t\t<\/div>\n\t\t\t\t<\/div>\n\t\t\t\t<\/div>\n\t\t\t\t<div class=\"elementor-element elementor-element-91e5a00 elementor-widget elementor-widget-heading\" data-id=\"91e5a00\" data-element_type=\"widget\" data-widget_type=\"heading.default\">\n\t\t\t\t<div class=\"elementor-widget-container\">\n\t\t\t<h2 class=\"elementor-heading-title elementor-size-default\">WECHSELRICHTER<\/h2>\t\t<\/div>\n\t\t\t\t<\/div>\n\t\t\t\t<div class=\"elementor-element elementor-element-2bf13f3 elementor-widget elementor-widget-spacer\" data-id=\"2bf13f3\" data-element_type=\"widget\" data-widget_type=\"spacer.default\">\n\t\t\t\t<div class=\"elementor-widget-container\">\n\t\t\t\t\t<div class=\"elementor-spacer\">\n\t\t\t<div class=\"elementor-spacer-inner\"><\/div>\n\t\t<\/div>\n\t\t\t\t<\/div>\n\t\t\t\t<\/div>\n\t\t\t\t<\/div>\n\t\t<div class=\"elementor-element elementor-element-f72b219 e-flex e-con-boxed e-con e-parent\" data-id=\"f72b219\" data-element_type=\"container\">\n\t\t\t\t\t<div class=\"e-con-inner\">\n\t\t\t\t<div class=\"elementor-element elementor-element-ab0642d elementor-widget elementor-widget-spacer\" data-id=\"ab0642d\" data-element_type=\"widget\" data-widget_type=\"spacer.default\">\n\t\t\t\t<div class=\"elementor-widget-container\">\n\t\t\t\t\t<div class=\"elementor-spacer\">\n\t\t\t<div class=\"elementor-spacer-inner\"><\/div>\n\t\t<\/div>\n\t\t\t\t<\/div>\n\t\t\t\t<\/div>\n\t\t\t\t<div class=\"elementor-element elementor-element-ab542e1 elementor-widget elementor-widget-text-editor\" data-id=\"ab542e1\" data-element_type=\"widget\" data-widget_type=\"text-editor.default\">\n\t\t\t\t<div class=\"elementor-widget-container\">\n\t\t\t\t\t\t\t<p>Bei MARETON haben wir eine gro\u00dfe Anzahl von DC \/ AC-Wechselrichtern entwickelt, die den Kundenanforderungen entsprechen.<\/p><p>Wir listen einige von ihnen auf.<\/p>\t\t\t\t\t\t<\/div>\n\t\t\t\t<\/div>\n\t\t\t\t<div class=\"elementor-element elementor-element-6f805e5 elementor-widget elementor-widget-spacer\" data-id=\"6f805e5\" data-element_type=\"widget\" data-widget_type=\"spacer.default\">\n\t\t\t\t<div class=\"elementor-widget-container\">\n\t\t\t\t\t<div class=\"elementor-spacer\">\n\t\t\t<div class=\"elementor-spacer-inner\"><\/div>\n\t\t<\/div>\n\t\t\t\t<\/div>\n\t\t\t\t<\/div>\n\t\t\t\t\t<\/div>\n\t\t\t\t<\/div>\n\t\t<div class=\"elementor-element elementor-element-11a9e74 e-con-full e-flex e-con e-parent\" data-id=\"11a9e74\" data-element_type=\"container\">\n\t\t<div class=\"elementor-element elementor-element-6f3c061 e-con-full e-flex e-con e-child\" data-id=\"6f3c061\" data-element_type=\"container\">\n\t\t\t\t<div class=\"elementor-element elementor-element-11fb2c9 elementor-widget elementor-widget-image\" data-id=\"11fb2c9\" data-element_type=\"widget\" data-widget_type=\"image.default\">\n\t\t\t\t<div class=\"elementor-widget-container\">\n\t\t\t\t\t\t\t\t\t\t\t\t\t<img decoding=\"async\" src=\"https:\/\/mareton-power.com\/wp-content\/uploads\/2024\/09\/F108-scaled-1.jpg\" class=\"attachment-full size-full wp-image-17022\" alt=\"\" \/>\t\t\t\t\t\t\t\t\t\t\t\t\t<\/div>\n\t\t\t\t<\/div>\n\t\t\t\t<\/div>\n\t\t<div class=\"elementor-element elementor-element-f21e1d1 e-con-full e-flex e-con e-child\" data-id=\"f21e1d1\" data-element_type=\"container\">\n\t\t\t\t<div class=\"elementor-element elementor-element-827e380 elementor-widget elementor-widget-text-editor\" data-id=\"827e380\" data-element_type=\"widget\" data-widget_type=\"text-editor.default\">\n\t\t\t\t<div class=\"elementor-widget-container\">\n\t\t\t\t\t\t\t<p><strong>Ausgangsleistung: 4 kVA bis 25 kVA<\/strong><\/p><p>Industrieausf\u00fchrung mit Ausgang 50 (83,33) Hz Transformator <br \/>Anwendung: Eisenbahninfrastruktur <br \/>Eingang: 60 V DC <br \/>Output: 3 x 400 \/ 230 V, <br \/>Frequenz: 50 Hz oder 83,33 Hz Sinus <br \/>Statischer Schalter: automatisch, synchronisiert <br \/>Konstruktion: Schrank, IP 42 <br \/>Typ: NITB<\/p>\t\t\t\t\t\t<\/div>\n\t\t\t\t<\/div>\n\t\t\t\t<\/div>\n\t\t\t\t<\/div>\n\t\t<div class=\"elementor-element elementor-element-5a2c0ee e-con-full e-flex e-con e-parent\" data-id=\"5a2c0ee\" data-element_type=\"container\">\n\t\t<div class=\"elementor-element elementor-element-1ea103c e-con-full e-flex e-con e-child\" data-id=\"1ea103c\" data-element_type=\"container\">\n\t\t\t\t<div class=\"elementor-element elementor-element-3de63ef elementor-widget elementor-widget-image\" data-id=\"3de63ef\" data-element_type=\"widget\" data-widget_type=\"image.default\">\n\t\t\t\t<div class=\"elementor-widget-container\">\n\t\t\t\t\t\t\t\t\t\t\t\t\t<img decoding=\"async\" src=\"https:\/\/mareton-power.com\/wp-content\/uploads\/2024\/09\/F109.jpg\" class=\"attachment-full size-full wp-image-17025\" alt=\"\" \/>\t\t\t\t\t\t\t\t\t\t\t\t\t<\/div>\n\t\t\t\t<\/div>\n\t\t\t\t<\/div>\n\t\t<div class=\"elementor-element elementor-element-9783e16 e-con-full e-flex e-con e-child\" data-id=\"9783e16\" data-element_type=\"container\">\n\t\t\t\t<div class=\"elementor-element elementor-element-41aec9d elementor-widget elementor-widget-text-editor\" data-id=\"41aec9d\" data-element_type=\"widget\" data-widget_type=\"text-editor.default\">\n\t\t\t\t<div class=\"elementor-widget-container\">\n\t\t\t\t\t\t\t<p><strong>Ausgangsleistung: 2.500 VA bis 5.000 VA<\/strong><\/p><p>Industrieausf\u00fchrung mit Ausgang 50 Hz Transformator <br \/>Anwendung: dieselelektrische Lokomotive <br \/>Eingang: 72 V DC <br \/>Ausgang: 240 V, 50 Hz sinus <br \/>Galvanische Trennung Eingang \u2013 Ausgang: ja <br \/>Konstruktion: Dachkonstruktion, IP 56 <br \/>Typ: DEL 72<\/p>\t\t\t\t\t\t<\/div>\n\t\t\t\t<\/div>\n\t\t\t\t<\/div>\n\t\t\t\t<\/div>\n\t\t<div class=\"elementor-element elementor-element-14d6a90 e-con-full e-flex e-con e-parent\" data-id=\"14d6a90\" data-element_type=\"container\">\n\t\t<div class=\"elementor-element elementor-element-379e587 e-con-full e-flex e-con e-child\" data-id=\"379e587\" data-element_type=\"container\">\n\t\t\t\t<div class=\"elementor-element elementor-element-a9e5651 elementor-widget elementor-widget-image\" data-id=\"a9e5651\" data-element_type=\"widget\" data-widget_type=\"image.default\">\n\t\t\t\t<div class=\"elementor-widget-container\">\n\t\t\t\t\t\t\t\t\t\t\t\t\t<img decoding=\"async\" src=\"https:\/\/mareton-power.com\/wp-content\/uploads\/2024\/09\/F110-scaled-1.jpg\" class=\"attachment-full size-full wp-image-17028\" alt=\"\" \/>\t\t\t\t\t\t\t\t\t\t\t\t\t<\/div>\n\t\t\t\t<\/div>\n\t\t\t\t<\/div>\n\t\t<div class=\"elementor-element elementor-element-24ccff7 e-con-full e-flex e-con e-child\" data-id=\"24ccff7\" data-element_type=\"container\">\n\t\t\t\t<div class=\"elementor-element elementor-element-df0d74a elementor-widget elementor-widget-text-editor\" data-id=\"df0d74a\" data-element_type=\"widget\" data-widget_type=\"text-editor.default\">\n\t\t\t\t<div class=\"elementor-widget-container\">\n\t\t\t\t\t\t\t<p><strong>Ausgangsleistung: 1.000 VA bis 15.000 VA<\/strong><\/p><p>Industrieausf\u00fchrung mit Ausgang 50 (60) Hz Transformator <br \/>Anwendung: von Land \/ Marine <br \/>Eingang: 24 VDC, 110 VDC <br \/>Output: 110 V, 50(60), Hz, 230 V, 50 Hz oder 3 x 400 V, 50(60) Hz, reine Sinus <br \/>Galvanische Trennung Eingang \u2013 Ausgang: ja <br \/>Aufbau: 19&#8243; Rack oder Schrank, IP 40 bis 56 <br \/>Typ: NI \/ NIT<\/p>\t\t\t\t\t\t<\/div>\n\t\t\t\t<\/div>\n\t\t\t\t<\/div>\n\t\t\t\t<\/div>\n\t\t<div class=\"elementor-element elementor-element-e9194c2 e-con-full e-flex e-con e-parent\" data-id=\"e9194c2\" data-element_type=\"container\">\n\t\t<div class=\"elementor-element elementor-element-08b7da2 e-con-full e-flex e-con e-child\" data-id=\"08b7da2\" data-element_type=\"container\">\n\t\t\t\t<div class=\"elementor-element elementor-element-0df3f1d elementor-widget elementor-widget-image\" data-id=\"0df3f1d\" data-element_type=\"widget\" data-widget_type=\"image.default\">\n\t\t\t\t<div class=\"elementor-widget-container\">\n\t\t\t\t\t\t\t\t\t\t\t\t\t<img decoding=\"async\" src=\"https:\/\/mareton-power.com\/wp-content\/uploads\/2024\/09\/F111.jpg\" class=\"attachment-full size-full wp-image-17031\" alt=\"\" \/>\t\t\t\t\t\t\t\t\t\t\t\t\t<\/div>\n\t\t\t\t<\/div>\n\t\t\t\t<\/div>\n\t\t<div class=\"elementor-element elementor-element-5a50fab e-con-full e-flex e-con e-child\" data-id=\"5a50fab\" data-element_type=\"container\">\n\t\t\t\t<div class=\"elementor-element elementor-element-efead37 elementor-widget elementor-widget-text-editor\" data-id=\"efead37\" data-element_type=\"widget\" data-widget_type=\"text-editor.default\">\n\t\t\t\t<div class=\"elementor-widget-container\">\n\t\t\t\t\t\t\t<p><strong>Wechselrichter, tragbar, Industrieausf\u00fchrung mit Ausgang 50 Hz Transformator<\/strong><\/p><p>Anwendung: Service-Werkst\u00e4tten <br \/>Eingang: 12 VDC, 24 VDC oder 48 VDC <br \/>Ausgang: 230 V, 50 Hz, Sinus <br \/>Typ: NIP<\/p>\t\t\t\t\t\t<\/div>\n\t\t\t\t<\/div>\n\t\t\t\t<\/div>\n\t\t\t\t<\/div>\n\t\t<div class=\"elementor-element elementor-element-cc8df6a e-con-full e-flex e-con e-parent\" data-id=\"cc8df6a\" data-element_type=\"container\">\n\t\t<div class=\"elementor-element elementor-element-74eeeaa e-con-full e-flex e-con e-child\" data-id=\"74eeeaa\" data-element_type=\"container\">\n\t\t\t\t<div class=\"elementor-element elementor-element-122b7b5 elementor-widget elementor-widget-image\" data-id=\"122b7b5\" data-element_type=\"widget\" data-widget_type=\"image.default\">\n\t\t\t\t<div class=\"elementor-widget-container\">\n\t\t\t\t\t\t\t\t\t\t\t\t\t<img decoding=\"async\" src=\"https:\/\/mareton-power.com\/wp-content\/uploads\/2024\/09\/F112.jpg\" class=\"attachment-full size-full wp-image-17034\" alt=\"\" \/>\t\t\t\t\t\t\t\t\t\t\t\t\t<\/div>\n\t\t\t\t<\/div>\n\t\t\t\t<\/div>\n\t\t<div class=\"elementor-element elementor-element-fdc79b3 e-con-full e-flex e-con e-child\" data-id=\"fdc79b3\" data-element_type=\"container\">\n\t\t\t\t<div class=\"elementor-element elementor-element-92ac8cf elementor-widget elementor-widget-text-editor\" data-id=\"92ac8cf\" data-element_type=\"widget\" data-widget_type=\"text-editor.default\">\n\t\t\t\t<div class=\"elementor-widget-container\">\n\t\t\t\t\t\t\t<p><strong>Konverter zur Versorgung von Leuchtstofflampen in Eisenbahnwaggons und Stra\u00dfenbahnen<\/strong><\/p><p>Eingang: 18 VDC bis 33 VDC oder 360 VDC bis 520 VDC <br \/>Ausgang: AC, zwei Lampen mit 18 (20) W oder eine mit 36 W (230 VAC) <br \/>Schutzart: IP 20, IP 56 <br \/>Typ: NFL 24-40-2&#215;20 NFL 400-40-2&#215;20<\/p>\t\t\t\t\t\t<\/div>\n\t\t\t\t<\/div>\n\t\t\t\t<\/div>\n\t\t\t\t<\/div>\n\t\t<div class=\"elementor-element elementor-element-5d159bc e-con-full e-flex e-con e-parent\" data-id=\"5d159bc\" data-element_type=\"container\">\n\t\t<div class=\"elementor-element elementor-element-627cdfb e-con-full e-flex e-con e-child\" data-id=\"627cdfb\" data-element_type=\"container\">\n\t\t\t\t<div class=\"elementor-element elementor-element-8900815 elementor-widget elementor-widget-image\" data-id=\"8900815\" data-element_type=\"widget\" data-widget_type=\"image.default\">\n\t\t\t\t<div class=\"elementor-widget-container\">\n\t\t\t\t\t\t\t\t\t\t\t\t\t<img fetchpriority=\"high\" decoding=\"async\" width=\"2560\" height=\"1996\" src=\"https:\/\/mareton-power.com\/wp-content\/uploads\/2024\/09\/F136-scaled-1.jpg\" class=\"attachment-full size-full wp-image-16255\" alt=\"\" srcset=\"https:\/\/mareton-power.com\/wp-content\/uploads\/2024\/09\/F136-scaled-1.jpg 2560w, https:\/\/mareton-power.com\/wp-content\/uploads\/2024\/09\/F136-scaled-1-300x234.jpg 300w, https:\/\/mareton-power.com\/wp-content\/uploads\/2024\/09\/F136-scaled-1-1024x798.jpg 1024w, https:\/\/mareton-power.com\/wp-content\/uploads\/2024\/09\/F136-scaled-1-150x117.jpg 150w, https:\/\/mareton-power.com\/wp-content\/uploads\/2024\/09\/F136-scaled-1-768x599.jpg 768w, https:\/\/mareton-power.com\/wp-content\/uploads\/2024\/09\/F136-scaled-1-1536x1198.jpg 1536w, https:\/\/mareton-power.com\/wp-content\/uploads\/2024\/09\/F136-scaled-1-2048x1597.jpg 2048w\" sizes=\"(max-width: 2560px) 100vw, 2560px\" \/>\t\t\t\t\t\t\t\t\t\t\t\t\t<\/div>\n\t\t\t\t<\/div>\n\t\t\t\t<\/div>\n\t\t<div class=\"elementor-element elementor-element-bad79b9 e-con-full e-flex e-con e-child\" data-id=\"bad79b9\" data-element_type=\"container\">\n\t\t\t\t<div class=\"elementor-element elementor-element-6535b59 elementor-widget elementor-widget-text-editor\" data-id=\"6535b59\" data-element_type=\"widget\" data-widget_type=\"text-editor.default\">\n\t\t\t\t<div class=\"elementor-widget-container\">\n\t\t\t\t\t\t\t<p><strong>Wechselrichter, regelm\u00e4\u00dfige sinusf\u00f6rmige Ausgangsspannung, Bahnversion. <\/strong><\/p><p>Anwendung: Versorgung von Eisenbahnampeln. Kontinuierliche Ausgangsspannung oder gepulste Ausgangsspannung mit einer Frequenz von 0,5 Hz. <br \/>Tagesbetrieb: 210 V, 230 V und 240 V, 50 Hz. Nachtbetrieb, 160 V, 50 Hz. <br \/>Eingangsspannung: 24 VDC oder 60 VDC <br \/>Leistung: 20 oder 50 VA <br \/>Typ: KI<\/p>\t\t\t\t\t\t<\/div>\n\t\t\t\t<\/div>\n\t\t\t\t<\/div>\n\t\t\t\t<\/div>\n\t\t\t\t<\/div>\n\t\t","protected":false},"excerpt":{"rendered":"<p>WECHSELRICHTER Bei MARETON haben wir eine gro\u00dfe Anzahl von DC \/ AC-Wechselrichtern entwickelt, die den Kundenanforderungen entsprechen. Wir listen einige von ihnen auf. Ausgangsleistung: 4 kVA bis 25 kVA Industrieausf\u00fchrung mit Ausgang 50 (83,33) Hz Transformator Anwendung: Eisenbahninfrastruktur Eingang: 60 V DC Output: 3 x 400 \/ 230 V, Frequenz: 50 Hz oder 83,33 Hz [&hellip;]<\/p>\n","protected":false},"author":3,"featured_media":0,"parent":0,"menu_order":17,"comment_status":"closed","ping_status":"closed","template":"elementor_header_footer","meta":{"footnotes":""},"class_list":["post-22058","page","type-page","status-publish","hentry"],"blocksy_meta":[],"yoast_head":"<!-- This site is optimized with the Yoast SEO plugin v24.0 - https:\/\/yoast.com\/wordpress\/plugins\/seo\/ -->\n<title>WECHSELRICHTER - Mareton Power<\/title>\n<meta name=\"robots\" content=\"index, follow, max-snippet:-1, max-image-preview:large, max-video-preview:-1\" \/>\n<link rel=\"canonical\" href=\"https:\/\/mareton-power.com\/de\/wechselrichter\/\" \/>\n<meta property=\"og:locale\" content=\"de_DE\" \/>\n<meta property=\"og:type\" content=\"article\" \/>\n<meta property=\"og:title\" content=\"WECHSELRICHTER - Mareton Power\" \/>\n<meta property=\"og:description\" content=\"WECHSELRICHTER Bei MARETON haben wir eine gro\u00dfe Anzahl von DC \/ AC-Wechselrichtern entwickelt, die den Kundenanforderungen entsprechen. Wir listen einige von ihnen auf. Ausgangsleistung: 4 kVA bis 25 kVA Industrieausf\u00fchrung mit Ausgang 50 (83,33) Hz Transformator Anwendung: Eisenbahninfrastruktur Eingang: 60 V DC Output: 3 x 400 \/ 230 V, Frequenz: 50 Hz oder 83,33 Hz [&hellip;]\" \/>\n<meta property=\"og:url\" content=\"https:\/\/mareton-power.com\/de\/wechselrichter\/\" \/>\n<meta property=\"og:site_name\" content=\"Mareton Power\" \/>\n<meta property=\"article:modified_time\" content=\"2025-04-18T13:50:28+00:00\" \/>\n<meta property=\"og:image\" content=\"https:\/\/mareton-power.com\/wp-content\/uploads\/2024\/09\/F108-scaled-1.jpg\" \/>\n\t<meta property=\"og:image:width\" content=\"1\" \/>\n\t<meta property=\"og:image:height\" content=\"1\" \/>\n\t<meta property=\"og:image:type\" content=\"image\/jpeg\" \/>\n<meta name=\"twitter:card\" content=\"summary_large_image\" \/>\n<meta name=\"twitter:label1\" content=\"Gesch\u00e4tzte Lesezeit\" \/>\n\t<meta name=\"twitter:data1\" content=\"3\u00a0Minuten\" \/>\n<script type=\"application\/ld+json\" class=\"yoast-schema-graph\">{\"@context\":\"https:\/\/schema.org\",\"@graph\":[{\"@type\":\"WebPage\",\"@id\":\"https:\/\/mareton-power.com\/de\/wechselrichter\/\",\"url\":\"https:\/\/mareton-power.com\/de\/wechselrichter\/\",\"name\":\"WECHSELRICHTER - Mareton Power\",\"isPartOf\":{\"@id\":\"https:\/\/mareton-power.com\/#website\"},\"primaryImageOfPage\":{\"@id\":\"https:\/\/mareton-power.com\/de\/wechselrichter\/#primaryimage\"},\"image\":{\"@id\":\"https:\/\/mareton-power.com\/de\/wechselrichter\/#primaryimage\"},\"thumbnailUrl\":\"https:\/\/mareton-power.com\/wp-content\/uploads\/2024\/09\/F108-scaled-1.jpg\",\"datePublished\":\"2025-04-18T10:06:37+00:00\",\"dateModified\":\"2025-04-18T13:50:28+00:00\",\"breadcrumb\":{\"@id\":\"https:\/\/mareton-power.com\/de\/wechselrichter\/#breadcrumb\"},\"inLanguage\":\"de\",\"potentialAction\":[{\"@type\":\"ReadAction\",\"target\":[\"https:\/\/mareton-power.com\/de\/wechselrichter\/\"]}]},{\"@type\":\"ImageObject\",\"inLanguage\":\"de\",\"@id\":\"https:\/\/mareton-power.com\/de\/wechselrichter\/#primaryimage\",\"url\":\"https:\/\/mareton-power.com\/wp-content\/uploads\/2024\/09\/F108-scaled-1.jpg\",\"contentUrl\":\"https:\/\/mareton-power.com\/wp-content\/uploads\/2024\/09\/F108-scaled-1.jpg\"},{\"@type\":\"BreadcrumbList\",\"@id\":\"https:\/\/mareton-power.com\/de\/wechselrichter\/#breadcrumb\",\"itemListElement\":[{\"@type\":\"ListItem\",\"position\":1,\"name\":\"Home\",\"item\":\"https:\/\/mareton-power.com\/\"},{\"@type\":\"ListItem\",\"position\":2,\"name\":\"WECHSELRICHTER\"}]},{\"@type\":\"WebSite\",\"@id\":\"https:\/\/mareton-power.com\/#website\",\"url\":\"https:\/\/mareton-power.com\/\",\"name\":\"Mareton\",\"description\":\"\",\"publisher\":{\"@id\":\"https:\/\/mareton-power.com\/#organization\"},\"potentialAction\":[{\"@type\":\"SearchAction\",\"target\":{\"@type\":\"EntryPoint\",\"urlTemplate\":\"https:\/\/mareton-power.com\/?s={search_term_string}\"},\"query-input\":{\"@type\":\"PropertyValueSpecification\",\"valueRequired\":true,\"valueName\":\"search_term_string\"}}],\"inLanguage\":\"de\"},{\"@type\":\"Organization\",\"@id\":\"https:\/\/mareton-power.com\/#organization\",\"name\":\"Mareton d.o.o.\",\"url\":\"https:\/\/mareton-power.com\/\",\"logo\":{\"@type\":\"ImageObject\",\"inLanguage\":\"de\",\"@id\":\"https:\/\/mareton-power.com\/#\/schema\/logo\/image\/\",\"url\":\"https:\/\/mareton-power.com\/wp-content\/uploads\/2024\/11\/MARETON_LOGO_ENG.jpg\",\"contentUrl\":\"https:\/\/mareton-power.com\/wp-content\/uploads\/2024\/11\/MARETON_LOGO_ENG.jpg\",\"width\":1402,\"height\":285,\"caption\":\"Mareton d.o.o.\"},\"image\":{\"@id\":\"https:\/\/mareton-power.com\/#\/schema\/logo\/image\/\"}}]}<\/script>\n<!-- \/ Yoast SEO plugin. -->","yoast_head_json":{"title":"WECHSELRICHTER - Mareton Power","robots":{"index":"index","follow":"follow","max-snippet":"max-snippet:-1","max-image-preview":"max-image-preview:large","max-video-preview":"max-video-preview:-1"},"canonical":"https:\/\/mareton-power.com\/de\/wechselrichter\/","og_locale":"de_DE","og_type":"article","og_title":"WECHSELRICHTER - Mareton Power","og_description":"WECHSELRICHTER Bei MARETON haben wir eine gro\u00dfe Anzahl von DC \/ AC-Wechselrichtern entwickelt, die den Kundenanforderungen entsprechen. Wir listen einige von ihnen auf. Ausgangsleistung: 4 kVA bis 25 kVA Industrieausf\u00fchrung mit Ausgang 50 (83,33) Hz Transformator Anwendung: Eisenbahninfrastruktur Eingang: 60 V DC Output: 3 x 400 \/ 230 V, Frequenz: 50 Hz oder 83,33 Hz [&hellip;]","og_url":"https:\/\/mareton-power.com\/de\/wechselrichter\/","og_site_name":"Mareton Power","article_modified_time":"2025-04-18T13:50:28+00:00","og_image":[{"url":"https:\/\/mareton-power.com\/wp-content\/uploads\/2024\/09\/F108-scaled-1.jpg","width":1,"height":1,"type":"image\/jpeg"}],"twitter_card":"summary_large_image","twitter_misc":{"Gesch\u00e4tzte Lesezeit":"3\u00a0Minuten"},"schema":{"@context":"https:\/\/schema.org","@graph":[{"@type":"WebPage","@id":"https:\/\/mareton-power.com\/de\/wechselrichter\/","url":"https:\/\/mareton-power.com\/de\/wechselrichter\/","name":"WECHSELRICHTER - Mareton Power","isPartOf":{"@id":"https:\/\/mareton-power.com\/#website"},"primaryImageOfPage":{"@id":"https:\/\/mareton-power.com\/de\/wechselrichter\/#primaryimage"},"image":{"@id":"https:\/\/mareton-power.com\/de\/wechselrichter\/#primaryimage"},"thumbnailUrl":"https:\/\/mareton-power.com\/wp-content\/uploads\/2024\/09\/F108-scaled-1.jpg","datePublished":"2025-04-18T10:06:37+00:00","dateModified":"2025-04-18T13:50:28+00:00","breadcrumb":{"@id":"https:\/\/mareton-power.com\/de\/wechselrichter\/#breadcrumb"},"inLanguage":"de","potentialAction":[{"@type":"ReadAction","target":["https:\/\/mareton-power.com\/de\/wechselrichter\/"]}]},{"@type":"ImageObject","inLanguage":"de","@id":"https:\/\/mareton-power.com\/de\/wechselrichter\/#primaryimage","url":"https:\/\/mareton-power.com\/wp-content\/uploads\/2024\/09\/F108-scaled-1.jpg","contentUrl":"https:\/\/mareton-power.com\/wp-content\/uploads\/2024\/09\/F108-scaled-1.jpg"},{"@type":"BreadcrumbList","@id":"https:\/\/mareton-power.com\/de\/wechselrichter\/#breadcrumb","itemListElement":[{"@type":"ListItem","position":1,"name":"Home","item":"https:\/\/mareton-power.com\/"},{"@type":"ListItem","position":2,"name":"WECHSELRICHTER"}]},{"@type":"WebSite","@id":"https:\/\/mareton-power.com\/#website","url":"https:\/\/mareton-power.com\/","name":"Mareton","description":"","publisher":{"@id":"https:\/\/mareton-power.com\/#organization"},"potentialAction":[{"@type":"SearchAction","target":{"@type":"EntryPoint","urlTemplate":"https:\/\/mareton-power.com\/?s={search_term_string}"},"query-input":{"@type":"PropertyValueSpecification","valueRequired":true,"valueName":"search_term_string"}}],"inLanguage":"de"},{"@type":"Organization","@id":"https:\/\/mareton-power.com\/#organization","name":"Mareton d.o.o.","url":"https:\/\/mareton-power.com\/","logo":{"@type":"ImageObject","inLanguage":"de","@id":"https:\/\/mareton-power.com\/#\/schema\/logo\/image\/","url":"https:\/\/mareton-power.com\/wp-content\/uploads\/2024\/11\/MARETON_LOGO_ENG.jpg","contentUrl":"https:\/\/mareton-power.com\/wp-content\/uploads\/2024\/11\/MARETON_LOGO_ENG.jpg","width":1402,"height":285,"caption":"Mareton d.o.o."},"image":{"@id":"https:\/\/mareton-power.com\/#\/schema\/logo\/image\/"}}]}},"_links":{"self":[{"href":"https:\/\/mareton-power.com\/de\/wp-json\/wp\/v2\/pages\/22058","targetHints":{"allow":["GET"]}}],"collection":[{"href":"https:\/\/mareton-power.com\/de\/wp-json\/wp\/v2\/pages"}],"about":[{"href":"https:\/\/mareton-power.com\/de\/wp-json\/wp\/v2\/types\/page"}],"author":[{"embeddable":true,"href":"https:\/\/mareton-power.com\/de\/wp-json\/wp\/v2\/users\/3"}],"replies":[{"embeddable":true,"href":"https:\/\/mareton-power.com\/de\/wp-json\/wp\/v2\/comments?post=22058"}],"version-history":[{"count":25,"href":"https:\/\/mareton-power.com\/de\/wp-json\/wp\/v2\/pages\/22058\/revisions"}],"predecessor-version":[{"id":22083,"href":"https:\/\/mareton-power.com\/de\/wp-json\/wp\/v2\/pages\/22058\/revisions\/22083"}],"wp:attachment":[{"href":"https:\/\/mareton-power.com\/de\/wp-json\/wp\/v2\/media?parent=22058"}],"curies":[{"name":"wp","href":"https:\/\/api.w.org\/{rel}","templated":true}]}}