{"id":22783,"date":"2025-08-21T09:49:58","date_gmt":"2025-08-21T07:49:58","guid":{"rendered":"https:\/\/mareton-power.com\/?page_id=22783"},"modified":"2025-08-21T09:49:58","modified_gmt":"2025-08-21T07:49:58","slug":"datenschutzrichtlinie","status":"publish","type":"page","link":"https:\/\/mareton-power.com\/de\/datenschutzrichtlinie\/","title":{"rendered":"DATENSCHUTZRICHTLINIE"},"content":{"rendered":"\r\n\r\n<section class=\"article-content clearfix\">\r\n<p class=\"p1\"><b>SICHERHEIT<\/b><b><\/b><\/p>\r\n<p class=\"p3\">Wir sind verpflichtet, Ihre Informationen zu sch\u00fctzen. Um unbefugten Zugriff oder die Offenlegung von Daten zu verhindern, haben wir Ma\u00dfnahmen und Verfahren eingef\u00fchrt, die darauf ausgelegt sind, die von uns gespeicherten Daten zu sichern und zu sch\u00fctzen.<\/p>\r\n<p class=\"p1\"><b>DATENSCHUTZERKL\u00c4RUNG<\/b><b><\/b><\/p>\r\n<p class=\"p3\">MARETON d.o.o. verpflichtet sich f\u00fcr die Website www.mareton.hr, die Privatsph\u00e4re und Vertraulichkeit der personenbezogenen Daten aller unserer Kunden gem\u00e4\u00df dem Gesetz \u00fcber den Schutz personenbezogener Daten (NN103-2003-06-26) zu wahren.<\/p>\r\n<p class=\"p3\">Alle Mitarbeiter von MARETON d.o.o. sowie Gesch\u00e4ftspartner sind vertraglich verpflichtet, die Grunds\u00e4tze des Datenschutzes und der Vertraulichkeit einzuhalten. Wir erheben nur notwendige, grundlegende Daten \u00fcber Kunden\/Nutzer und informieren unsere Kunden dar\u00fcber, wie ihre Daten verwendet werden. Den Nutzern wird regelm\u00e4\u00dfig die M\u00f6glichkeit gegeben, \u00fcber die Verwendung ihrer Daten zu entscheiden, einschlie\u00dflich der M\u00f6glichkeit, festzulegen, ob ihr Name aus den f\u00fcr Marketingkampagnen verwendeten Listen entfernt werden soll oder nicht.<\/p>\r\n<p class=\"p3\">Die personenbezogenen Daten der Kunden, die im Informationssystem von MARETON d.o.o. gespeichert sind, werden auf einem sicheren Server aufbewahrt und sind nur den Mitarbeitern von MARETON d.o.o. zug\u00e4nglich, die diese Daten ben\u00f6tigen, um unseren Kunden einen qualitativ hochwertigen Service zu bieten. Die Nutzung der Daten ist auf die Kommunikation mit den Kunden zum Zweck der Abwicklung von Verkaufstransaktionen sowie die Information der Nutzer \u00fcber Neuigkeiten und Vorteile, die ihnen \u00fcber die Website zur Verf\u00fcgung stehen, beschr\u00e4nkt.<\/p>\r\n<p class=\"p3\">MARETON d.o.o. garantiert, dass die personenbezogenen Daten der Nutzer der Website niemals ohne deren vorherige ausdr\u00fcckliche Zustimmung an Dritte weitergegeben oder zug\u00e4nglich gemacht werden. Ausgenommen hiervon ist die Einsichtnahme durch autorisierte staatliche Stellen der Republik Kroatien zu Ermittlungszwecken auf Grundlage eines g\u00fcltigen Gerichtsbeschlusses. Mit der Registrierung best\u00e4tigen Sie die Richtigkeit und Vollst\u00e4ndigkeit der im Formular angegebenen Daten und geben Ihre ausdr\u00fcckliche Zustimmung, dass MARETON d.o.o. diese personenbezogenen Daten gem\u00e4\u00df den Bestimmungen des Gesetzes \u00fcber den Schutz personenbezogener Daten f\u00fcr eigene Aufzeichnungen und zur Bereitstellung von Informationen \u00fcber neue Produkte und Dienstleistungen verarbeiten darf.<\/p>\r\n<p class=\"p1\"><b>WIE WIR COOKIES VERWENDEN<\/b><b><\/b><\/p>\r\n<p class=\"p3\">Ein Cookie ist eine kleine Datei, die um Erlaubnis bittet, auf Ihrem Computer gespeichert zu werden. Sobald Sie zustimmen, hilft das Cookie, den Webverkehr zu analysieren und informiert Sie, wenn Sie eine bestimmte Website besuchen. Cookies erm\u00f6glichen es Webanwendungen, auf Sie als Individuum zu reagieren und sich Ihren Bed\u00fcrfnissen und Einstellungen anzupassen (z. B. Speicherung Ihres Benutzernamens und\/oder Passworts, automatische Anmeldung usw.).<\/p>\r\n<p class=\"p3\">Wir k\u00f6nnen Daten aus Cookies verwenden, um Ihr Verhalten auf der Website www.mareton.hr zu analysieren. Diese Daten werden ausschlie\u00dflich f\u00fcr statistische Zwecke verwendet und anschlie\u00dfend gel\u00f6scht.<\/p>\r\n<p class=\"p3\">Cookies sind ein normaler Bestandteil der Web-Funktionalit\u00e4t, die die Benutzererfahrung beim Surfen im Internet verbessern. Cookies gef\u00e4hrden nicht die Sicherheit Ihres Computers oder Ihrer Daten, und alle Daten, die Sie nicht freiwillig bereitstellen, bleiben weiterhin sicher und gesch\u00fctzt.<\/p>\r\n<p class=\"p3\">Sie k\u00f6nnen w\u00e4hlen, ob Sie Cookies akzeptieren oder ablehnen m\u00f6chten. Die meisten Browser akzeptieren Cookies automatisch, Sie k\u00f6nnen jedoch Ihre Browsereinstellungen anpassen, um Cookies abzulehnen. Bitte beachten Sie, dass solche Einstellungen bestimmte Teile der Website beeintr\u00e4chtigen und einige Funktionen deaktivieren k\u00f6nnen.<\/p>\r\n\r\n<\/section>","protected":false},"excerpt":{"rendered":"<p>SICHERHEIT Wir sind verpflichtet, Ihre Informationen zu sch\u00fctzen. Um unbefugten Zugriff oder die Offenlegung von Daten zu verhindern, haben wir Ma\u00dfnahmen und Verfahren eingef\u00fchrt, die darauf ausgelegt sind, die von uns gespeicherten Daten zu sichern und zu sch\u00fctzen. DATENSCHUTZERKL\u00c4RUNG MARETON d.o.o. verpflichtet sich f\u00fcr die Website www.mareton.hr, die Privatsph\u00e4re und Vertraulichkeit der personenbezogenen Daten aller [&hellip;]<\/p>\n","protected":false},"author":3,"featured_media":0,"parent":0,"menu_order":29,"comment_status":"closed","ping_status":"closed","template":"","meta":{"footnotes":""},"class_list":["post-22783","page","type-page","status-publish","hentry"],"blocksy_meta":[],"yoast_head":"<!-- This site is optimized with the Yoast SEO plugin v24.0 - https:\/\/yoast.com\/wordpress\/plugins\/seo\/ -->\n<title>DATENSCHUTZRICHTLINIE - Mareton Power<\/title>\n<meta name=\"robots\" content=\"index, follow, max-snippet:-1, max-image-preview:large, max-video-preview:-1\" \/>\n<link rel=\"canonical\" href=\"https:\/\/mareton-power.com\/de\/datenschutzrichtlinie\/\" \/>\n<meta property=\"og:locale\" content=\"de_DE\" \/>\n<meta property=\"og:type\" content=\"article\" \/>\n<meta property=\"og:title\" content=\"DATENSCHUTZRICHTLINIE - Mareton Power\" \/>\n<meta property=\"og:description\" content=\"SICHERHEIT Wir sind verpflichtet, Ihre Informationen zu sch\u00fctzen. Um unbefugten Zugriff oder die Offenlegung von Daten zu verhindern, haben wir Ma\u00dfnahmen und Verfahren eingef\u00fchrt, die darauf ausgelegt sind, die von uns gespeicherten Daten zu sichern und zu sch\u00fctzen. DATENSCHUTZERKL\u00c4RUNG MARETON d.o.o. verpflichtet sich f\u00fcr die Website www.mareton.hr, die Privatsph\u00e4re und Vertraulichkeit der personenbezogenen Daten aller [&hellip;]\" \/>\n<meta property=\"og:url\" content=\"https:\/\/mareton-power.com\/de\/datenschutzrichtlinie\/\" \/>\n<meta property=\"og:site_name\" content=\"Mareton Power\" \/>\n<meta name=\"twitter:card\" content=\"summary_large_image\" \/>\n<meta name=\"twitter:label1\" content=\"Gesch\u00e4tzte Lesezeit\" \/>\n\t<meta name=\"twitter:data1\" content=\"2\u00a0Minuten\" \/>\n<script type=\"application\/ld+json\" class=\"yoast-schema-graph\">{\"@context\":\"https:\/\/schema.org\",\"@graph\":[{\"@type\":\"WebPage\",\"@id\":\"https:\/\/mareton-power.com\/de\/datenschutzrichtlinie\/\",\"url\":\"https:\/\/mareton-power.com\/de\/datenschutzrichtlinie\/\",\"name\":\"DATENSCHUTZRICHTLINIE - Mareton Power\",\"isPartOf\":{\"@id\":\"https:\/\/mareton-power.com\/#website\"},\"datePublished\":\"2025-08-21T07:49:58+00:00\",\"dateModified\":\"2025-08-21T07:49:58+00:00\",\"breadcrumb\":{\"@id\":\"https:\/\/mareton-power.com\/de\/datenschutzrichtlinie\/#breadcrumb\"},\"inLanguage\":\"de\",\"potentialAction\":[{\"@type\":\"ReadAction\",\"target\":[\"https:\/\/mareton-power.com\/de\/datenschutzrichtlinie\/\"]}]},{\"@type\":\"BreadcrumbList\",\"@id\":\"https:\/\/mareton-power.com\/de\/datenschutzrichtlinie\/#breadcrumb\",\"itemListElement\":[{\"@type\":\"ListItem\",\"position\":1,\"name\":\"Home\",\"item\":\"https:\/\/mareton-power.com\/\"},{\"@type\":\"ListItem\",\"position\":2,\"name\":\"DATENSCHUTZRICHTLINIE\"}]},{\"@type\":\"WebSite\",\"@id\":\"https:\/\/mareton-power.com\/#website\",\"url\":\"https:\/\/mareton-power.com\/\",\"name\":\"Mareton\",\"description\":\"\",\"publisher\":{\"@id\":\"https:\/\/mareton-power.com\/#organization\"},\"potentialAction\":[{\"@type\":\"SearchAction\",\"target\":{\"@type\":\"EntryPoint\",\"urlTemplate\":\"https:\/\/mareton-power.com\/?s={search_term_string}\"},\"query-input\":{\"@type\":\"PropertyValueSpecification\",\"valueRequired\":true,\"valueName\":\"search_term_string\"}}],\"inLanguage\":\"de\"},{\"@type\":\"Organization\",\"@id\":\"https:\/\/mareton-power.com\/#organization\",\"name\":\"Mareton d.o.o.\",\"url\":\"https:\/\/mareton-power.com\/\",\"logo\":{\"@type\":\"ImageObject\",\"inLanguage\":\"de\",\"@id\":\"https:\/\/mareton-power.com\/#\/schema\/logo\/image\/\",\"url\":\"https:\/\/mareton-power.com\/wp-content\/uploads\/2024\/11\/MARETON_LOGO_ENG.jpg\",\"contentUrl\":\"https:\/\/mareton-power.com\/wp-content\/uploads\/2024\/11\/MARETON_LOGO_ENG.jpg\",\"width\":1402,\"height\":285,\"caption\":\"Mareton d.o.o.\"},\"image\":{\"@id\":\"https:\/\/mareton-power.com\/#\/schema\/logo\/image\/\"}}]}<\/script>\n<!-- \/ Yoast SEO plugin. -->","yoast_head_json":{"title":"DATENSCHUTZRICHTLINIE - Mareton Power","robots":{"index":"index","follow":"follow","max-snippet":"max-snippet:-1","max-image-preview":"max-image-preview:large","max-video-preview":"max-video-preview:-1"},"canonical":"https:\/\/mareton-power.com\/de\/datenschutzrichtlinie\/","og_locale":"de_DE","og_type":"article","og_title":"DATENSCHUTZRICHTLINIE - Mareton Power","og_description":"SICHERHEIT Wir sind verpflichtet, Ihre Informationen zu sch\u00fctzen. Um unbefugten Zugriff oder die Offenlegung von Daten zu verhindern, haben wir Ma\u00dfnahmen und Verfahren eingef\u00fchrt, die darauf ausgelegt sind, die von uns gespeicherten Daten zu sichern und zu sch\u00fctzen. DATENSCHUTZERKL\u00c4RUNG MARETON d.o.o. verpflichtet sich f\u00fcr die Website www.mareton.hr, die Privatsph\u00e4re und Vertraulichkeit der personenbezogenen Daten aller [&hellip;]","og_url":"https:\/\/mareton-power.com\/de\/datenschutzrichtlinie\/","og_site_name":"Mareton Power","twitter_card":"summary_large_image","twitter_misc":{"Gesch\u00e4tzte Lesezeit":"2\u00a0Minuten"},"schema":{"@context":"https:\/\/schema.org","@graph":[{"@type":"WebPage","@id":"https:\/\/mareton-power.com\/de\/datenschutzrichtlinie\/","url":"https:\/\/mareton-power.com\/de\/datenschutzrichtlinie\/","name":"DATENSCHUTZRICHTLINIE - Mareton Power","isPartOf":{"@id":"https:\/\/mareton-power.com\/#website"},"datePublished":"2025-08-21T07:49:58+00:00","dateModified":"2025-08-21T07:49:58+00:00","breadcrumb":{"@id":"https:\/\/mareton-power.com\/de\/datenschutzrichtlinie\/#breadcrumb"},"inLanguage":"de","potentialAction":[{"@type":"ReadAction","target":["https:\/\/mareton-power.com\/de\/datenschutzrichtlinie\/"]}]},{"@type":"BreadcrumbList","@id":"https:\/\/mareton-power.com\/de\/datenschutzrichtlinie\/#breadcrumb","itemListElement":[{"@type":"ListItem","position":1,"name":"Home","item":"https:\/\/mareton-power.com\/"},{"@type":"ListItem","position":2,"name":"DATENSCHUTZRICHTLINIE"}]},{"@type":"WebSite","@id":"https:\/\/mareton-power.com\/#website","url":"https:\/\/mareton-power.com\/","name":"Mareton","description":"","publisher":{"@id":"https:\/\/mareton-power.com\/#organization"},"potentialAction":[{"@type":"SearchAction","target":{"@type":"EntryPoint","urlTemplate":"https:\/\/mareton-power.com\/?s={search_term_string}"},"query-input":{"@type":"PropertyValueSpecification","valueRequired":true,"valueName":"search_term_string"}}],"inLanguage":"de"},{"@type":"Organization","@id":"https:\/\/mareton-power.com\/#organization","name":"Mareton d.o.o.","url":"https:\/\/mareton-power.com\/","logo":{"@type":"ImageObject","inLanguage":"de","@id":"https:\/\/mareton-power.com\/#\/schema\/logo\/image\/","url":"https:\/\/mareton-power.com\/wp-content\/uploads\/2024\/11\/MARETON_LOGO_ENG.jpg","contentUrl":"https:\/\/mareton-power.com\/wp-content\/uploads\/2024\/11\/MARETON_LOGO_ENG.jpg","width":1402,"height":285,"caption":"Mareton d.o.o."},"image":{"@id":"https:\/\/mareton-power.com\/#\/schema\/logo\/image\/"}}]}},"_links":{"self":[{"href":"https:\/\/mareton-power.com\/de\/wp-json\/wp\/v2\/pages\/22783","targetHints":{"allow":["GET"]}}],"collection":[{"href":"https:\/\/mareton-power.com\/de\/wp-json\/wp\/v2\/pages"}],"about":[{"href":"https:\/\/mareton-power.com\/de\/wp-json\/wp\/v2\/types\/page"}],"author":[{"embeddable":true,"href":"https:\/\/mareton-power.com\/de\/wp-json\/wp\/v2\/users\/3"}],"replies":[{"embeddable":true,"href":"https:\/\/mareton-power.com\/de\/wp-json\/wp\/v2\/comments?post=22783"}],"version-history":[{"count":1,"href":"https:\/\/mareton-power.com\/de\/wp-json\/wp\/v2\/pages\/22783\/revisions"}],"predecessor-version":[{"id":22784,"href":"https:\/\/mareton-power.com\/de\/wp-json\/wp\/v2\/pages\/22783\/revisions\/22784"}],"wp:attachment":[{"href":"https:\/\/mareton-power.com\/de\/wp-json\/wp\/v2\/media?parent=22783"}],"curies":[{"name":"wp","href":"https:\/\/api.w.org\/{rel}","templated":true}]}}