{"id":21298,"date":"2025-04-16T07:58:08","date_gmt":"2025-04-16T05:58:08","guid":{"rendered":"https:\/\/mareton-power.com\/?page_id=21298"},"modified":"2025-04-16T08:05:08","modified_gmt":"2025-04-16T06:05:08","slug":"dc-ac-distribuzione","status":"publish","type":"page","link":"https:\/\/mareton-power.com\/it\/dc-ac-distribuzione\/","title":{"rendered":"DC &#038; AC DISTRIBUZIONE"},"content":{"rendered":"\t\t<div data-elementor-type=\"wp-page\" data-elementor-id=\"21298\" class=\"elementor elementor-21298 elementor-18984\" data-elementor-post-type=\"page\">\n\t\t\t\t<div class=\"elementor-element elementor-element-843b14c e-con-full e-flex e-con e-parent\" data-id=\"843b14c\" data-element_type=\"container\">\n\t\t\t\t<div class=\"elementor-element elementor-element-2566ce8 elementor-widget elementor-widget-spacer\" data-id=\"2566ce8\" data-element_type=\"widget\" data-widget_type=\"spacer.default\">\n\t\t\t\t<div class=\"elementor-widget-container\">\n\t\t\t\t\t<div class=\"elementor-spacer\">\n\t\t\t<div class=\"elementor-spacer-inner\"><\/div>\n\t\t<\/div>\n\t\t\t\t<\/div>\n\t\t\t\t<\/div>\n\t\t\t\t<div class=\"elementor-element elementor-element-91e5a00 elementor-widget elementor-widget-heading\" data-id=\"91e5a00\" data-element_type=\"widget\" data-widget_type=\"heading.default\">\n\t\t\t\t<div class=\"elementor-widget-container\">\n\t\t\t<h2 class=\"elementor-heading-title elementor-size-default\">DC &amp; AC DISTRIBUZIONE<\/h2>\t\t<\/div>\n\t\t\t\t<\/div>\n\t\t\t\t<div class=\"elementor-element elementor-element-2bf13f3 elementor-widget elementor-widget-spacer\" data-id=\"2bf13f3\" data-element_type=\"widget\" data-widget_type=\"spacer.default\">\n\t\t\t\t<div class=\"elementor-widget-container\">\n\t\t\t\t\t<div class=\"elementor-spacer\">\n\t\t\t<div class=\"elementor-spacer-inner\"><\/div>\n\t\t<\/div>\n\t\t\t\t<\/div>\n\t\t\t\t<\/div>\n\t\t\t\t<\/div>\n\t\t<div class=\"elementor-element elementor-element-f72b219 e-flex e-con-boxed e-con e-parent\" data-id=\"f72b219\" data-element_type=\"container\">\n\t\t\t\t\t<div class=\"e-con-inner\">\n\t\t\t\t<div class=\"elementor-element elementor-element-ab0642d elementor-widget elementor-widget-spacer\" data-id=\"ab0642d\" data-element_type=\"widget\" data-widget_type=\"spacer.default\">\n\t\t\t\t<div class=\"elementor-widget-container\">\n\t\t\t\t\t<div class=\"elementor-spacer\">\n\t\t\t<div class=\"elementor-spacer-inner\"><\/div>\n\t\t<\/div>\n\t\t\t\t<\/div>\n\t\t\t\t<\/div>\n\t\t\t\t<div class=\"elementor-element elementor-element-6f805e5 elementor-widget elementor-widget-spacer\" data-id=\"6f805e5\" data-element_type=\"widget\" data-widget_type=\"spacer.default\">\n\t\t\t\t<div class=\"elementor-widget-container\">\n\t\t\t\t\t<div class=\"elementor-spacer\">\n\t\t\t<div class=\"elementor-spacer-inner\"><\/div>\n\t\t<\/div>\n\t\t\t\t<\/div>\n\t\t\t\t<\/div>\n\t\t\t\t\t<\/div>\n\t\t\t\t<\/div>\n\t\t<div class=\"elementor-element elementor-element-11a9e74 e-con-full e-flex e-con e-parent\" data-id=\"11a9e74\" data-element_type=\"container\">\n\t\t<div class=\"elementor-element elementor-element-6f3c061 e-con-full e-flex e-con e-child\" data-id=\"6f3c061\" data-element_type=\"container\">\n\t\t\t\t<div class=\"elementor-element elementor-element-11fb2c9 elementor-widget elementor-widget-image\" data-id=\"11fb2c9\" data-element_type=\"widget\" data-widget_type=\"image.default\">\n\t\t\t\t<div class=\"elementor-widget-container\">\n\t\t\t\t\t\t\t\t\t\t\t\t\t<img fetchpriority=\"high\" decoding=\"async\" width=\"1690\" height=\"1827\" src=\"https:\/\/mareton-power.com\/wp-content\/uploads\/2024\/11\/F57.jpg\" class=\"attachment-full size-full wp-image-20003\" alt=\"\" srcset=\"https:\/\/mareton-power.com\/wp-content\/uploads\/2024\/11\/F57.jpg 1690w, https:\/\/mareton-power.com\/wp-content\/uploads\/2024\/11\/F57-278x300.jpg 278w, https:\/\/mareton-power.com\/wp-content\/uploads\/2024\/11\/F57-947x1024.jpg 947w, https:\/\/mareton-power.com\/wp-content\/uploads\/2024\/11\/F57-139x150.jpg 139w, https:\/\/mareton-power.com\/wp-content\/uploads\/2024\/11\/F57-768x830.jpg 768w, https:\/\/mareton-power.com\/wp-content\/uploads\/2024\/11\/F57-1421x1536.jpg 1421w\" sizes=\"(max-width: 1690px) 100vw, 1690px\" \/>\t\t\t\t\t\t\t\t\t\t\t\t\t<\/div>\n\t\t\t\t<\/div>\n\t\t\t\t<div class=\"elementor-element elementor-element-f223a1d elementor-widget elementor-widget-text-editor\" data-id=\"f223a1d\" data-element_type=\"widget\" data-widget_type=\"text-editor.default\">\n\t\t\t\t<div class=\"elementor-widget-container\">\n\t\t\t\t\t\t\t<div class=\"elementor-element elementor-element-a152e8a elementor-widget elementor-widget-text-editor\" data-id=\"a152e8a\" data-element_type=\"widget\" data-widget_type=\"text-editor.default\"><div class=\"elementor-widget-container\"><div class=\"elementor-element elementor-element-a152e8a elementor-widget elementor-widget-text-editor\" data-id=\"a152e8a\" data-element_type=\"widget\" data-widget_type=\"text-editor.default\"><div class=\"elementor-widget-container\"><div class=\"elementor-element elementor-element-a152e8a elementor-widget elementor-widget-text-editor\" data-id=\"a152e8a\" data-element_type=\"widget\" data-widget_type=\"text-editor.default\"><div class=\"elementor-widget-container\"><div class=\"elementor-element elementor-element-a152e8a elementor-widget elementor-widget-text-editor\" data-id=\"a152e8a\" data-element_type=\"widget\" data-widget_type=\"text-editor.default\"><div class=\"elementor-widget-container\"><p>Esempio 1<br \/>Distribuzione 220 VDC, 3 Livello di selettivita<\/p><\/div><\/div><\/div><\/div><\/div><\/div><\/div><\/div>\t\t\t\t\t\t<\/div>\n\t\t\t\t<\/div>\n\t\t\t\t<\/div>\n\t\t<div class=\"elementor-element elementor-element-f21e1d1 e-con-full e-flex e-con e-child\" data-id=\"f21e1d1\" data-element_type=\"container\">\n\t\t\t\t<div class=\"elementor-element elementor-element-827e380 elementor-widget elementor-widget-text-editor\" data-id=\"827e380\" data-element_type=\"widget\" data-widget_type=\"text-editor.default\">\n\t\t\t\t<div class=\"elementor-widget-container\">\n\t\t\t\t\t\t\t<div class=\"elementor-element elementor-element-a152e8a elementor-widget elementor-widget-text-editor\" data-id=\"a152e8a\" data-element_type=\"widget\" data-widget_type=\"text-editor.default\"><div class=\"elementor-widget-container\"><div class=\"elementor-element elementor-element-a152e8a elementor-widget elementor-widget-text-editor\" data-id=\"a152e8a\" data-element_type=\"widget\" data-widget_type=\"text-editor.default\"><div class=\"elementor-widget-container\"><div class=\"elementor-element elementor-element-a152e8a elementor-widget elementor-widget-text-editor\" data-id=\"a152e8a\" data-element_type=\"widget\" data-widget_type=\"text-editor.default\"><div class=\"elementor-widget-container\"><div class=\"elementor-element elementor-element-a152e8a elementor-widget elementor-widget-text-editor\" data-id=\"a152e8a\" data-element_type=\"widget\" data-widget_type=\"text-editor.default\"><div class=\"elementor-widget-container\"><p>STRUTTURA:<\/p><p>&#8211; Primo livello di selettivit\u00e0 di distribuzione, la protezione della batteria contro il sovraccarico, cortocircuito e scarica profonda MCCB, Da 20 A a 630 A, da 30 a 50 kA <br \/>&#8211; Secondo livello di selettivit\u00e0 di distribuzione, protezione dei carichi da sovraccarico e cortocircuito MCCB, Da 20 A a 160 A, da 30 a 50 kA MCB, Da 10 A a 60 A, da 5 a 15 kA <br \/>&#8211; Terzo livello di selettivit\u00e0 di distribuzione, protezione dei carichi da sovraccarico e cortocircuito MCB, Da 10 A a 60 A, da 5 a 15 kA <br \/>&#8211; Quarto livello di selettivit\u00e0 di distribuzione, protezione dei carichi da sovraccarico e cortocircuito MCB, Da 1 A a 25 A, 5 kA o fusibili Da 1 A a 10 A, FF, F o T caratteristico<\/p><\/div><\/div><\/div><\/div><\/div><\/div><\/div><\/div>\t\t\t\t\t\t<\/div>\n\t\t\t\t<\/div>\n\t\t\t\t<\/div>\n\t\t\t\t<\/div>\n\t\t<div class=\"elementor-element elementor-element-5a2c0ee e-con-full e-flex e-con e-parent\" data-id=\"5a2c0ee\" data-element_type=\"container\">\n\t\t<div class=\"elementor-element elementor-element-5036e83 e-con-full e-flex e-con e-child\" data-id=\"5036e83\" data-element_type=\"container\">\n\t\t\t\t<div class=\"elementor-element elementor-element-15627aa elementor-widget elementor-widget-image\" data-id=\"15627aa\" data-element_type=\"widget\" data-widget_type=\"image.default\">\n\t\t\t\t<div class=\"elementor-widget-container\">\n\t\t\t\t\t\t\t\t\t\t\t\t\t<img decoding=\"async\" src=\"https:\/\/mareton-power.com\/wp-content\/uploads\/2024\/09\/F59.jpg\" class=\"attachment-full size-full wp-image-16017\" alt=\"\" \/>\t\t\t\t\t\t\t\t\t\t\t\t\t<\/div>\n\t\t\t\t<\/div>\n\t\t\t\t<\/div>\n\t\t<div class=\"elementor-element elementor-element-1ef6651 e-con-full e-flex e-con e-child\" data-id=\"1ef6651\" data-element_type=\"container\">\n\t\t\t\t<div class=\"elementor-element elementor-element-68a34ad elementor-widget elementor-widget-text-editor\" data-id=\"68a34ad\" data-element_type=\"widget\" data-widget_type=\"text-editor.default\">\n\t\t\t\t<div class=\"elementor-widget-container\">\n\t\t\t\t\t\t\t<div class=\"elementor-element elementor-element-a152e8a elementor-widget elementor-widget-text-editor\" data-id=\"a152e8a\" data-element_type=\"widget\" data-widget_type=\"text-editor.default\"><div class=\"elementor-widget-container\"><div class=\"elementor-element elementor-element-a152e8a elementor-widget elementor-widget-text-editor\" data-id=\"a152e8a\" data-element_type=\"widget\" data-widget_type=\"text-editor.default\"><div class=\"elementor-widget-container\"><div class=\"elementor-element elementor-element-a152e8a elementor-widget elementor-widget-text-editor\" data-id=\"a152e8a\" data-element_type=\"widget\" data-widget_type=\"text-editor.default\"><div class=\"elementor-widget-container\"><div class=\"elementor-element elementor-element-a152e8a elementor-widget elementor-widget-text-editor\" data-id=\"a152e8a\" data-element_type=\"widget\" data-widget_type=\"text-editor.default\"><div class=\"elementor-widget-container\"><p>VOLTAGGIO:<\/p><p>Voltaggio AC <br \/>&#8211; 230 V, 50 Hz <br \/>&#8211; 3 x 400 \/ 230 V, 50 Hz <br \/>Uno o pi\u00f9 tensioni DC <br \/>&#8211; 24 VDC, <br \/>&#8211; 48 VDC, <br \/>&#8211; 60 VDC, <br \/>&#8211; 110 VDC, <br \/>&#8211; 125 VDC, <br \/>&#8211; 220 VDC <br \/><br \/>CORRENTE: Da 1 A a 630 A \/ da 5 kA a 50 kA<\/p><\/div><\/div><\/div><\/div><\/div><\/div><\/div><\/div>\t\t\t\t\t\t<\/div>\n\t\t\t\t<\/div>\n\t\t\t\t<div class=\"elementor-element elementor-element-5deebe0 elementor-widget elementor-widget-text-editor\" data-id=\"5deebe0\" data-element_type=\"widget\" data-widget_type=\"text-editor.default\">\n\t\t\t\t<div class=\"elementor-widget-container\">\n\t\t\t\t\t\t\t<div class=\"elementor-element elementor-element-a152e8a elementor-widget elementor-widget-text-editor\" data-id=\"a152e8a\" data-element_type=\"widget\" data-widget_type=\"text-editor.default\"><div class=\"elementor-widget-container\"><div class=\"elementor-element elementor-element-a152e8a elementor-widget elementor-widget-text-editor\" data-id=\"a152e8a\" data-element_type=\"widget\" data-widget_type=\"text-editor.default\"><div class=\"elementor-widget-container\"><div class=\"elementor-element elementor-element-a152e8a elementor-widget elementor-widget-text-editor\" data-id=\"a152e8a\" data-element_type=\"widget\" data-widget_type=\"text-editor.default\"><div class=\"elementor-widget-container\"><div class=\"elementor-element elementor-element-a152e8a elementor-widget elementor-widget-text-editor\" data-id=\"a152e8a\" data-element_type=\"widget\" data-widget_type=\"text-editor.default\"><div class=\"elementor-widget-container\"><p>Esempio 2<br \/>Distribuzione 3 x 400 \/ 230 V, 50 Hz<\/p><\/div><\/div><\/div><\/div><\/div><\/div><\/div><\/div>\t\t\t\t\t\t<\/div>\n\t\t\t\t<\/div>\n\t\t\t\t<\/div>\n\t\t<div class=\"elementor-element elementor-element-9783e16 e-con-full e-flex e-con e-child\" data-id=\"9783e16\" data-element_type=\"container\">\n\t\t\t\t<div class=\"elementor-element elementor-element-c379553 elementor-widget elementor-widget-image\" data-id=\"c379553\" data-element_type=\"widget\" data-widget_type=\"image.default\">\n\t\t\t\t<div class=\"elementor-widget-container\">\n\t\t\t\t\t\t\t\t\t\t\t\t\t<img decoding=\"async\" width=\"1920\" height=\"2560\" src=\"https:\/\/mareton-power.com\/wp-content\/uploads\/2024\/11\/F60-scaled.jpg\" class=\"attachment-full size-full wp-image-20634\" alt=\"\" srcset=\"https:\/\/mareton-power.com\/wp-content\/uploads\/2024\/11\/F60-scaled.jpg 1920w, https:\/\/mareton-power.com\/wp-content\/uploads\/2024\/11\/F60-225x300.jpg 225w, https:\/\/mareton-power.com\/wp-content\/uploads\/2024\/11\/F60-768x1024.jpg 768w, https:\/\/mareton-power.com\/wp-content\/uploads\/2024\/11\/F60-113x150.jpg 113w, https:\/\/mareton-power.com\/wp-content\/uploads\/2024\/11\/F60-1152x1536.jpg 1152w, https:\/\/mareton-power.com\/wp-content\/uploads\/2024\/11\/F60-1536x2048.jpg 1536w\" sizes=\"(max-width: 1920px) 100vw, 1920px\" \/>\t\t\t\t\t\t\t\t\t\t\t\t\t<\/div>\n\t\t\t\t<\/div>\n\t\t\t\t<\/div>\n\t\t\t\t<\/div>\n\t\t<div class=\"elementor-element elementor-element-2886299 e-con-full e-flex e-con e-parent\" data-id=\"2886299\" data-element_type=\"container\">\n\t\t<div class=\"elementor-element elementor-element-ee0d5f0 e-con-full e-flex e-con e-child\" data-id=\"ee0d5f0\" data-element_type=\"container\">\n\t\t\t\t<\/div>\n\t\t<div class=\"elementor-element elementor-element-25e4301 e-con-full e-flex e-con e-child\" data-id=\"25e4301\" data-element_type=\"container\">\n\t\t\t\t<div class=\"elementor-element elementor-element-a1f5d49 elementor-widget elementor-widget-text-editor\" data-id=\"a1f5d49\" data-element_type=\"widget\" data-widget_type=\"text-editor.default\">\n\t\t\t\t<div class=\"elementor-widget-container\">\n\t\t\t\t\t\t\t<div class=\"elementor-element elementor-element-a152e8a elementor-widget elementor-widget-text-editor\" data-id=\"a152e8a\" data-element_type=\"widget\" data-widget_type=\"text-editor.default\"><div class=\"elementor-widget-container\"><div class=\"elementor-element elementor-element-a152e8a elementor-widget elementor-widget-text-editor\" data-id=\"a152e8a\" data-element_type=\"widget\" data-widget_type=\"text-editor.default\"><div class=\"elementor-widget-container\"><div class=\"elementor-element elementor-element-a152e8a elementor-widget elementor-widget-text-editor\" data-id=\"a152e8a\" data-element_type=\"widget\" data-widget_type=\"text-editor.default\"><div class=\"elementor-widget-container\"><div class=\"elementor-element elementor-element-a152e8a elementor-widget elementor-widget-text-editor\" data-id=\"a152e8a\" data-element_type=\"widget\" data-widget_type=\"text-editor.default\"><div class=\"elementor-widget-container\"><p>SPEGNIMENTO\/ACCENSIONE SELETTIVO DEI CARICHI<\/p><p>Per un uso razionale della batteria ricaricabile, quando la batteria \u00e8 alimentata, i carichi non essenziali devono essere spenti. Dopodich\u00e9, i carichi di media importanza saranno esclusi. I carichi pi\u00f9 importanti verranno scollegati dalla batteria al pi\u00f9 tardi. Per esempio: L&#8217;utenza meno importante verr\u00e0 scollegata quando la tensione della batteria scende al di sotto 1.9-2 V. I carichi di media criticita&#8217; si scollegheranno dalla batteria quando la tensione della batteria scende al di sotto 1.8-1.9 V. Le utenze con la priorit\u00e0 pi\u00f9 alta verranno scollegate dalla batteria quando la tensione della batteria scende al di sotto di 1.65-1.8 V. In questo modo, l&#8217;elettricit\u00e0 della batteria viene utilizzata razionalmente e impedisce il processo di scarica profonda della batteria. I carichi verranno riattivati quando i caricabatterie saranno nuovamente in funzione.<\/p><\/div><\/div><\/div><\/div><\/div><\/div><\/div><\/div>\t\t\t\t\t\t<\/div>\n\t\t\t\t<\/div>\n\t\t\t\t<\/div>\n\t\t<div class=\"elementor-element elementor-element-c0d1a3c e-con-full e-flex e-con e-child\" data-id=\"c0d1a3c\" data-element_type=\"container\">\n\t\t\t\t<\/div>\n\t\t\t\t<\/div>\n\t\t\t\t<\/div>\n\t\t","protected":false},"excerpt":{"rendered":"<p>DC &amp; AC DISTRIBUZIONE Esempio 1Distribuzione 220 VDC, 3 Livello di selettivita STRUTTURA: &#8211; Primo livello di selettivit\u00e0 di distribuzione, la protezione della batteria contro il sovraccarico, cortocircuito e scarica profonda MCCB, Da 20 A a 630 A, da 30 a 50 kA &#8211; Secondo livello di selettivit\u00e0 di distribuzione, protezione dei carichi da sovraccarico [&hellip;]<\/p>\n","protected":false},"author":3,"featured_media":0,"parent":0,"menu_order":12,"comment_status":"closed","ping_status":"closed","template":"elementor_header_footer","meta":{"footnotes":""},"class_list":["post-21298","page","type-page","status-publish","hentry"],"blocksy_meta":[],"yoast_head":"<!-- This site is optimized with the Yoast SEO plugin v24.0 - https:\/\/yoast.com\/wordpress\/plugins\/seo\/ -->\n<title>DC &amp; AC DISTRIBUZIONE - Mareton Power<\/title>\n<meta name=\"robots\" content=\"index, follow, max-snippet:-1, max-image-preview:large, max-video-preview:-1\" \/>\n<link rel=\"canonical\" href=\"https:\/\/mareton-power.com\/it\/dc-ac-distribuzione\/\" \/>\n<meta property=\"og:locale\" content=\"it_IT\" \/>\n<meta property=\"og:type\" content=\"article\" \/>\n<meta property=\"og:title\" content=\"DC &amp; AC DISTRIBUZIONE - Mareton Power\" \/>\n<meta property=\"og:description\" content=\"DC &amp; AC DISTRIBUZIONE Esempio 1Distribuzione 220 VDC, 3 Livello di selettivita STRUTTURA: &#8211; Primo livello di selettivit\u00e0 di distribuzione, la protezione della batteria contro il sovraccarico, cortocircuito e scarica profonda MCCB, Da 20 A a 630 A, da 30 a 50 kA &#8211; Secondo livello di selettivit\u00e0 di distribuzione, protezione dei carichi da sovraccarico [&hellip;]\" \/>\n<meta property=\"og:url\" content=\"https:\/\/mareton-power.com\/it\/dc-ac-distribuzione\/\" \/>\n<meta property=\"og:site_name\" content=\"Mareton Power\" \/>\n<meta property=\"article:modified_time\" content=\"2025-04-16T06:05:08+00:00\" \/>\n<meta property=\"og:image\" content=\"https:\/\/mareton-power.com\/wp-content\/uploads\/2024\/11\/F57.jpg\" \/>\n\t<meta property=\"og:image:width\" content=\"1690\" \/>\n\t<meta property=\"og:image:height\" content=\"1827\" \/>\n\t<meta property=\"og:image:type\" content=\"image\/jpeg\" \/>\n<meta name=\"twitter:card\" content=\"summary_large_image\" \/>\n<meta name=\"twitter:label1\" content=\"Tempo di lettura stimato\" \/>\n\t<meta name=\"twitter:data1\" content=\"10 minuti\" \/>\n<script type=\"application\/ld+json\" class=\"yoast-schema-graph\">{\"@context\":\"https:\/\/schema.org\",\"@graph\":[{\"@type\":\"WebPage\",\"@id\":\"https:\/\/mareton-power.com\/it\/dc-ac-distribuzione\/\",\"url\":\"https:\/\/mareton-power.com\/it\/dc-ac-distribuzione\/\",\"name\":\"DC & AC DISTRIBUZIONE - Mareton Power\",\"isPartOf\":{\"@id\":\"https:\/\/mareton-power.com\/#website\"},\"primaryImageOfPage\":{\"@id\":\"https:\/\/mareton-power.com\/it\/dc-ac-distribuzione\/#primaryimage\"},\"image\":{\"@id\":\"https:\/\/mareton-power.com\/it\/dc-ac-distribuzione\/#primaryimage\"},\"thumbnailUrl\":\"https:\/\/mareton-power.com\/wp-content\/uploads\/2024\/11\/F57.jpg\",\"datePublished\":\"2025-04-16T05:58:08+00:00\",\"dateModified\":\"2025-04-16T06:05:08+00:00\",\"breadcrumb\":{\"@id\":\"https:\/\/mareton-power.com\/it\/dc-ac-distribuzione\/#breadcrumb\"},\"inLanguage\":\"it-IT\",\"potentialAction\":[{\"@type\":\"ReadAction\",\"target\":[\"https:\/\/mareton-power.com\/it\/dc-ac-distribuzione\/\"]}]},{\"@type\":\"ImageObject\",\"inLanguage\":\"it-IT\",\"@id\":\"https:\/\/mareton-power.com\/it\/dc-ac-distribuzione\/#primaryimage\",\"url\":\"https:\/\/mareton-power.com\/wp-content\/uploads\/2024\/11\/F57.jpg\",\"contentUrl\":\"https:\/\/mareton-power.com\/wp-content\/uploads\/2024\/11\/F57.jpg\"},{\"@type\":\"BreadcrumbList\",\"@id\":\"https:\/\/mareton-power.com\/it\/dc-ac-distribuzione\/#breadcrumb\",\"itemListElement\":[{\"@type\":\"ListItem\",\"position\":1,\"name\":\"Home\",\"item\":\"https:\/\/mareton-power.com\/\"},{\"@type\":\"ListItem\",\"position\":2,\"name\":\"DC &#038; AC DISTRIBUZIONE\"}]},{\"@type\":\"WebSite\",\"@id\":\"https:\/\/mareton-power.com\/#website\",\"url\":\"https:\/\/mareton-power.com\/\",\"name\":\"Mareton\",\"description\":\"\",\"publisher\":{\"@id\":\"https:\/\/mareton-power.com\/#organization\"},\"potentialAction\":[{\"@type\":\"SearchAction\",\"target\":{\"@type\":\"EntryPoint\",\"urlTemplate\":\"https:\/\/mareton-power.com\/?s={search_term_string}\"},\"query-input\":{\"@type\":\"PropertyValueSpecification\",\"valueRequired\":true,\"valueName\":\"search_term_string\"}}],\"inLanguage\":\"it-IT\"},{\"@type\":\"Organization\",\"@id\":\"https:\/\/mareton-power.com\/#organization\",\"name\":\"Mareton d.o.o.\",\"url\":\"https:\/\/mareton-power.com\/\",\"logo\":{\"@type\":\"ImageObject\",\"inLanguage\":\"it-IT\",\"@id\":\"https:\/\/mareton-power.com\/#\/schema\/logo\/image\/\",\"url\":\"https:\/\/mareton-power.com\/wp-content\/uploads\/2024\/11\/MARETON_LOGO_ENG.jpg\",\"contentUrl\":\"https:\/\/mareton-power.com\/wp-content\/uploads\/2024\/11\/MARETON_LOGO_ENG.jpg\",\"width\":1402,\"height\":285,\"caption\":\"Mareton d.o.o.\"},\"image\":{\"@id\":\"https:\/\/mareton-power.com\/#\/schema\/logo\/image\/\"}}]}<\/script>\n<!-- \/ Yoast SEO plugin. -->","yoast_head_json":{"title":"DC & AC DISTRIBUZIONE - Mareton Power","robots":{"index":"index","follow":"follow","max-snippet":"max-snippet:-1","max-image-preview":"max-image-preview:large","max-video-preview":"max-video-preview:-1"},"canonical":"https:\/\/mareton-power.com\/it\/dc-ac-distribuzione\/","og_locale":"it_IT","og_type":"article","og_title":"DC & AC DISTRIBUZIONE - Mareton Power","og_description":"DC &amp; AC DISTRIBUZIONE Esempio 1Distribuzione 220 VDC, 3 Livello di selettivita STRUTTURA: &#8211; Primo livello di selettivit\u00e0 di distribuzione, la protezione della batteria contro il sovraccarico, cortocircuito e scarica profonda MCCB, Da 20 A a 630 A, da 30 a 50 kA &#8211; Secondo livello di selettivit\u00e0 di distribuzione, protezione dei carichi da sovraccarico [&hellip;]","og_url":"https:\/\/mareton-power.com\/it\/dc-ac-distribuzione\/","og_site_name":"Mareton Power","article_modified_time":"2025-04-16T06:05:08+00:00","og_image":[{"width":1690,"height":1827,"url":"https:\/\/mareton-power.com\/wp-content\/uploads\/2024\/11\/F57.jpg","type":"image\/jpeg"}],"twitter_card":"summary_large_image","twitter_misc":{"Tempo di lettura stimato":"10 minuti"},"schema":{"@context":"https:\/\/schema.org","@graph":[{"@type":"WebPage","@id":"https:\/\/mareton-power.com\/it\/dc-ac-distribuzione\/","url":"https:\/\/mareton-power.com\/it\/dc-ac-distribuzione\/","name":"DC & AC DISTRIBUZIONE - Mareton Power","isPartOf":{"@id":"https:\/\/mareton-power.com\/#website"},"primaryImageOfPage":{"@id":"https:\/\/mareton-power.com\/it\/dc-ac-distribuzione\/#primaryimage"},"image":{"@id":"https:\/\/mareton-power.com\/it\/dc-ac-distribuzione\/#primaryimage"},"thumbnailUrl":"https:\/\/mareton-power.com\/wp-content\/uploads\/2024\/11\/F57.jpg","datePublished":"2025-04-16T05:58:08+00:00","dateModified":"2025-04-16T06:05:08+00:00","breadcrumb":{"@id":"https:\/\/mareton-power.com\/it\/dc-ac-distribuzione\/#breadcrumb"},"inLanguage":"it-IT","potentialAction":[{"@type":"ReadAction","target":["https:\/\/mareton-power.com\/it\/dc-ac-distribuzione\/"]}]},{"@type":"ImageObject","inLanguage":"it-IT","@id":"https:\/\/mareton-power.com\/it\/dc-ac-distribuzione\/#primaryimage","url":"https:\/\/mareton-power.com\/wp-content\/uploads\/2024\/11\/F57.jpg","contentUrl":"https:\/\/mareton-power.com\/wp-content\/uploads\/2024\/11\/F57.jpg"},{"@type":"BreadcrumbList","@id":"https:\/\/mareton-power.com\/it\/dc-ac-distribuzione\/#breadcrumb","itemListElement":[{"@type":"ListItem","position":1,"name":"Home","item":"https:\/\/mareton-power.com\/"},{"@type":"ListItem","position":2,"name":"DC &#038; AC DISTRIBUZIONE"}]},{"@type":"WebSite","@id":"https:\/\/mareton-power.com\/#website","url":"https:\/\/mareton-power.com\/","name":"Mareton","description":"","publisher":{"@id":"https:\/\/mareton-power.com\/#organization"},"potentialAction":[{"@type":"SearchAction","target":{"@type":"EntryPoint","urlTemplate":"https:\/\/mareton-power.com\/?s={search_term_string}"},"query-input":{"@type":"PropertyValueSpecification","valueRequired":true,"valueName":"search_term_string"}}],"inLanguage":"it-IT"},{"@type":"Organization","@id":"https:\/\/mareton-power.com\/#organization","name":"Mareton d.o.o.","url":"https:\/\/mareton-power.com\/","logo":{"@type":"ImageObject","inLanguage":"it-IT","@id":"https:\/\/mareton-power.com\/#\/schema\/logo\/image\/","url":"https:\/\/mareton-power.com\/wp-content\/uploads\/2024\/11\/MARETON_LOGO_ENG.jpg","contentUrl":"https:\/\/mareton-power.com\/wp-content\/uploads\/2024\/11\/MARETON_LOGO_ENG.jpg","width":1402,"height":285,"caption":"Mareton d.o.o."},"image":{"@id":"https:\/\/mareton-power.com\/#\/schema\/logo\/image\/"}}]}},"_links":{"self":[{"href":"https:\/\/mareton-power.com\/it\/wp-json\/wp\/v2\/pages\/21298","targetHints":{"allow":["GET"]}}],"collection":[{"href":"https:\/\/mareton-power.com\/it\/wp-json\/wp\/v2\/pages"}],"about":[{"href":"https:\/\/mareton-power.com\/it\/wp-json\/wp\/v2\/types\/page"}],"author":[{"embeddable":true,"href":"https:\/\/mareton-power.com\/it\/wp-json\/wp\/v2\/users\/3"}],"replies":[{"embeddable":true,"href":"https:\/\/mareton-power.com\/it\/wp-json\/wp\/v2\/comments?post=21298"}],"version-history":[{"count":13,"href":"https:\/\/mareton-power.com\/it\/wp-json\/wp\/v2\/pages\/21298\/revisions"}],"predecessor-version":[{"id":21311,"href":"https:\/\/mareton-power.com\/it\/wp-json\/wp\/v2\/pages\/21298\/revisions\/21311"}],"wp:attachment":[{"href":"https:\/\/mareton-power.com\/it\/wp-json\/wp\/v2\/media?parent=21298"}],"curies":[{"name":"wp","href":"https:\/\/api.w.org\/{rel}","templated":true}]}}